{"id":2,"date":"2022-08-25T07:00:19","date_gmt":"2022-08-25T07:00:19","guid":{"rendered":"http:\/\/vackorovikornye.hu\/?page_id=2"},"modified":"2025-03-16T15:31:46","modified_gmt":"2025-03-16T15:31:46","slug":"kornyei-vackor-ovoda-bolcsode","status":"publish","type":"page","link":"https:\/\/vackorovikornye.hu\/","title":{"rendered":"Int\u00e9zm\u00e9ny\u00fcnk bemutat\u00e1sa"},"content":{"rendered":"\n<p>Int\u00e9zm\u00e9ny\u00fcnk k\u00f6z\u00f6s igazgat\u00e1s\u00fa \u00f3voda \u00e9s b\u00f6lcs\u0151de. Az \u00e9p\u00fcletet 2013 november 3-\u00e1n adt\u00e1k \u00e1t a k\u00f6rnyei gyermekeknek. A helybeli \u00e9s a k\u00f6zigazgat\u00e1silag hozz\u00e1nk tartoz\u00f3 n\u00e9gy k\u00fclter\u00fclet gyermekeit fogadja.<\/p>\n\n\n\n<figure class=\"wp-block-image size-large\"><img decoding=\"async\" src=\"http:\/\/vackorovikornye.hu\/wp-content\/uploads\/2022\/08\/1vackor-1024x565.jpg\" alt=\"\" class=\"wp-image-437\"\/><\/figure>\n\n\n\n<p>Az \u00e9p\u00fcletet a XXI. sz\u00e1zad ig\u00e9nyeit figyelembe vev\u0151, korszer\u0171 gyermekint\u00e9zm\u00e9ny. Az 1600 n\u00e9gyzetm\u00e9ter alapter\u00fclet\u0171 \u00e9p\u00fcletben h\u00e9t, egyenk\u00e9nt 60 n\u00e9gyzetm\u00e9teres \u00f3vodai csoportszob\u00e1t, kett\u0151 50 n\u00e9gyzetm\u00e9teres b\u00f6lcs\u0151dei szob\u00e1t alak\u00edtottak ki a hozz\u00e1juk tartoz\u00f3 \u00f6lt\u00f6z\u0151kkel, mell\u00e9khelyis\u00e9gekkel, kiszolg\u00e1l\u00f3 terekkel, s a kicsiket egy 120 n\u00e9gyzetm\u00e9teres tornaterem, fejleszt\u0151 szoba, valamint csoportonk\u00e9nt saj\u00e1t terasz v\u00e1rja. Csoportszob\u00e1k eszt\u00e9tikusak, j\u00f3l felszereltek mindegyik arculat\u00e1t az int\u00e9zm\u00e9ny szakemberei alak\u00edtott\u00e1k.<br><\/p>\n\n\n\n<p>Az \u00e9p\u00fclethez tartozik egy f\u00e9lhekt\u00e1rnyi ter\u00fcleten kialak\u00edtott j\u00e1tsz\u00f3udvar cs\u00faszdadombbal, homokoz\u00f3kkal, labd\u00e1z\u00f3 r\u00e9ttel, mozg\u00e1sfejleszt\u0151 t\u00e9rj\u00e1t\u00e9kokkal, melyek mindegyik koroszt\u00e1ly ig\u00e9nyeit kiel\u00e9g\u00edtik. A b\u00f6lcs\u0151d\u00e9sek \u00e9s ovisok sz\u00e1m\u00e1ra ker\u00edt\u00e9ssel elv\u00e1lasztott, k\u00fcl\u00f6n j\u00e1tsz\u00f3udvart alak\u00edtottak ki \u00fagy, hogy a gyerekek akkor sem maradnak j\u00e1tsz\u00f3eszk\u00f6z n\u00e9lk\u00fcl, ha valamennyi csoport egyszerre, egy id\u0151ben szeretn\u00e9 a friss leveg\u0151n t\u00f6lteni az id\u0151t. K\u00fcl\u00f6nlegess\u00e9g, hogy minden csoport sz\u00e1m\u00e1ra vir\u00e1g\u00e1gy\u00e1st \u00e9s vetem\u00e9nyeskertet alak\u00edtottak ki, lehet\u0151v\u00e9 t\u00e9ve a gyermekek sz\u00e1m\u00e1ra a n\u00f6v\u00e9nyek fejl\u0151d\u00e9s\u00e9nek megfigyel\u00e9s\u00e9t, illetve gondoz\u00e1suk megismer\u00e9s\u00e9t.<br><\/p>\n\n\n\n<figure class=\"wp-block-image size-large\"><img decoding=\"async\" src=\"http:\/\/vackorovikornye.hu\/wp-content\/uploads\/2022\/08\/4vackor-1024x601.jpg\" alt=\"\" class=\"wp-image-438\"\/><\/figure>\n\n\n\n<p>T\u00e1rgyi felt\u00e9teleink nagyon ide\u00e1lisak, a gyermekeink fejleszt\u00e9s\u00e9hez sz\u00fcks\u00e9ges eszk\u00f6z\u00f6k, j\u00e1t\u00e9kok folyamatosan biztos\u00edtottak, min\u0151s\u00e9gi nevel\u0151munka minden felt\u00e9tele adott.<br><\/p>\n\n\n\n<p>\u00d3vod\u00e1nk gyermekk\u00f6zpont\u00fa, a gyermeki szem\u00e9lyis\u00e9g kibontakoz\u00e1s\u00e1nak \u00e9s fejleszt\u00e9s\u00e9nek sz\u00edntere. Szeretetteljes, elfogad\u00f3, demokratikus l\u00e9gk\u00f6rben, a gyermekek egy\u00e9ni sz\u00fcks\u00e9gleteihez igazodva szabads\u00e1g- \u00e9s egy\u00e9b jogaikat tiszteletben tart\u00f3 gondoskod\u00e1st, nevel\u00e9st val\u00f3s\u00edtunk meg. A gyermekek kiteljes\u00edtheti \u00f6nmagukat, mint egy\u00e9n, \u00e9s mint a k\u00f6z\u00f6ss\u00e9g tagjai.<br><\/p>\n\n\n\n<figure class=\"wp-block-image size-large\"><img decoding=\"async\" src=\"http:\/\/vackorovikornye.hu\/wp-content\/uploads\/2022\/08\/4ovoda-udvar0901-1024x683.jpg\" alt=\"\" class=\"wp-image-439\"\/><\/figure>\n\n\n\n<p>A fejleszt\u00e9s f\u0151 sz\u00edntere a szabad j\u00e1t\u00e9k, amely egyben az \u00f3vod\u00e1skor\u00fa gyermekek f\u0151 tev\u00e9kenys\u00e9ge is. Az \u00f3v\u00f3n\u0151k intelligenci\u00e1ja, szakmai k\u00e9pzetts\u00e9ge garancia a min\u0151s\u00e9gi munk\u00e1ra. A tov\u00e1bbk\u00e9pz\u00e9seken szerzett tapasztalatokat be\u00e9p\u00edtj\u00fck a szakmai munk\u00e1ba. Az \u00f3voda minden dolgoz\u00f3ja szeretettel k\u00f6zel\u00edt a gyermekek fel\u00e9.<br><\/p>\n\n\n\n<p>Szakmailag \u00f6n\u00e1ll\u00f3 int\u00e9zm\u00e9nyk\u00e9nt els\u0151sorban a gyermekek nevel\u00e9s\u00e9t, a csal\u00e1di nevel\u00e9s kieg\u00e9sz\u00edt\u00e9s\u00e9t, er\u0151s\u00edt\u00e9s\u00e9t v\u00e1llaljuk fel.<br><\/p>\n\n\n\n<p>Gyermekeinket nagyon sok \u00e9lm\u00e9nyhez juttatjuk, k\u00fcl\u00f6nb\u00f6z\u0151 \u00e9rdekes programokat szervez\u00fcnk sz\u00e1mukra az \u00f3voda falain bel\u00fcl \u00e9s k\u00edv\u00fcl.<br><\/p>\n\n\n\n<p class=\"has-large-font-size\">M\u00f3dszertani elj\u00e1r\u00e1saink<\/p>\n\n\n\n<p>A nevel\u00e9si elvek \u00f3vod\u00e1nk mindk\u00e9t nevel\u00e9si m\u00f3dszer\u00e9ben azonosak, az elt\u00e9r\u00e9s megval\u00f3s\u00edt\u00e1suk m\u00f3dj\u00e1ban van.<\/p>\n\n\n\n<p><strong>V\u00e1lasztott programjaink:<\/strong><br><strong>Programunk adapt\u00e1ci\u00f3ja F\u00e1bi\u00e1n Katalin: Tev\u00e9kenys\u00e9gk\u00f6zpont\u00fa \u00f3vodai nevel\u00e9s programj\u00e1nak, <\/strong>mely <em>kieg\u00e9sz\u00fcl Karczevicz J\u00f3zsefn\u00e9 \u2013 Major Anna \u2013 Miehle Anna: H\u00e9tk\u00f6znapi var\u00e1zslatok \u2013 \u00d3vodai nevel\u00e9s Freinet elemekkel<\/em> m\u0171v\u00e9nek egyes gondolataival.<\/p>\n\n\n\n<p>V\u00e1lasztott programjaink l\u00e9nyeges von\u00e1sai megegyeznek. A gyermekek fejleszt\u00e9se komplex m\u00f3don t\u00f6rt\u00e9nik, a teljes nevel\u00e9si folyamatban az \u00e9letkornak, az egy\u00e9ni adotts\u00e1goknak \u00e9s \u00e9rdekl\u0151d\u00e9snek megfelel\u0151 tev\u00e9kenys\u00e9gek szervez\u00e9se \u00e1ltal.<\/p>\n\n\n\n<p>Az \u00f3vod\u00e1ban integr\u00e1lt nevel\u00e9s folyik, felv\u00e1llaljuk a \u201esaj\u00e1tos nevel\u00e9si ig\u00e9ny\u0171 gyermekek\u201d fejleszt\u00e9s\u00e9t, amennyiben a Szak\u00e9rt\u0151i Bizotts\u00e1g ezt javasolja. Biztos\u00edtjuk sz\u00e1mukra a megfelel\u0151 szakembert is.<br>Saj\u00e1t fejleszt\u0151 pedag\u00f3gusunk van, aki az idegrendszeri \u00e9retlens\u00e9geket kezeli, seg\u00edti a r\u00e9szk\u00e9pess\u00e9gek lemarad\u00e1sban, gyenges\u00e9gben szenved\u0151 gyerekek felz\u00e1rk\u00f3ztat\u00e1s\u00e1t.<br>Minden felt\u00e9tel adott a magas szint\u0171 szakmai munka v\u00e9gz\u00e9s\u00e9hez.<\/p>\n\n\n\n<p> <\/p>\n\n\n<div class=\"wp-block-image\">\n<figure class=\"aligncenter size-large is-resized\"><img loading=\"lazy\" decoding=\"async\" src=\"http:\/\/vackorovikornye.hu\/wp-content\/uploads\/2022\/08\/vackor-logo-uj2-1-1024x566.png\" alt=\"\" class=\"wp-image-454\" width=\"487\" height=\"268\"\/><figcaption>K\u00f6rnyei Vackor \u00d3voda \u00e9s B\u00f6lcs\u0151de<\/figcaption><\/figure>\n<\/div>","protected":false},"excerpt":{"rendered":"<p>Int\u00e9zm\u00e9ny\u00fcnk k\u00f6z\u00f6s igazgat\u00e1s\u00fa \u00f3voda \u00e9s b\u00f6lcs\u0151de. Az \u00e9p\u00fcletet 2013 november 3-\u00e1n adt\u00e1k \u00e1t a k\u00f6rnyei gyermekeknek. A helybeli \u00e9s a&#8230;<\/p>\n","protected":false},"author":1,"featured_media":0,"parent":0,"menu_order":0,"comment_status":"closed","ping_status":"closed","template":"","meta":{"ngg_post_thumbnail":0,"footnotes":""},"class_list":["post-2","page","type-page","status-publish","hentry"],"yoast_head":"<!-- This site is optimized with the Yoast SEO plugin v26.4 - https:\/\/yoast.com\/wordpress\/plugins\/seo\/ -->\n<title>K\u00f6rnyei Vackor \u00d3voda \u00e9s B\u00f6lcs\u0151de - Int\u00e9zm\u00e9ny\u00fcnk bemutat\u00e1sa<\/title>\n<meta name=\"description\" content=\"Int\u00e9zm\u00e9ny\u00fcnk k\u00f6z\u00f6s igazgat\u00e1s\u00fa \u00f3voda \u00e9s b\u00f6lcs\u0151de. Az \u00e9p\u00fcletet 2013 november 3-\u00e1n adt\u00e1k \u00e1t a k\u00f6rnyei gyermekeknek. A helybeli \u00e9s a k\u00f6zigazgat\u00e1silag hozz\u00e1nk tartoz\u00f3 n\u00e9gy tanya gyermekeit fogadja.\" \/>\n<meta name=\"robots\" content=\"index, follow, max-snippet:-1, max-image-preview:large, max-video-preview:-1\" \/>\n<link rel=\"canonical\" href=\"https:\/\/vackorovikornye.hu\/\" \/>\n<meta property=\"og:locale\" content=\"hu_HU\" \/>\n<meta property=\"og:type\" content=\"article\" \/>\n<meta property=\"og:title\" content=\"K\u00f6rnyei Vackor \u00d3voda \u00e9s B\u00f6lcs\u0151de - Int\u00e9zm\u00e9ny\u00fcnk bemutat\u00e1sa\" \/>\n<meta property=\"og:description\" content=\"Int\u00e9zm\u00e9ny\u00fcnk k\u00f6z\u00f6s igazgat\u00e1s\u00fa \u00f3voda \u00e9s b\u00f6lcs\u0151de. Az \u00e9p\u00fcletet 2013 november 3-\u00e1n adt\u00e1k \u00e1t a k\u00f6rnyei gyermekeknek. A helybeli \u00e9s a k\u00f6zigazgat\u00e1silag hozz\u00e1nk tartoz\u00f3 n\u00e9gy tanya gyermekeit fogadja.\" \/>\n<meta property=\"og:url\" content=\"https:\/\/vackorovikornye.hu\/\" \/>\n<meta property=\"og:site_name\" content=\"K\u00f6rnyei Vackor \u00d3voda \u00e9s B\u00f6lcs\u0151de\" \/>\n<meta property=\"article:publisher\" content=\"https:\/\/www.facebook.com\/Krnyei-Vackor-voda-s-Blcsde-100831948376755\/\" \/>\n<meta property=\"article:modified_time\" content=\"2025-03-16T15:31:46+00:00\" \/>\n<meta property=\"og:image\" content=\"http:\/\/vackorovikornye.hu\/wp-content\/uploads\/2022\/08\/1vackor-1024x565.jpg\" \/>\n<meta name=\"twitter:card\" content=\"summary_large_image\" \/>\n<meta name=\"twitter:label1\" content=\"Becs\u00fclt olvas\u00e1si id\u0151\" \/>\n\t<meta name=\"twitter:data1\" content=\"4 perc\" \/>\n<script type=\"application\/ld+json\" class=\"yoast-schema-graph\">{\"@context\":\"https:\/\/schema.org\",\"@graph\":[{\"@type\":\"WebPage\",\"@id\":\"https:\/\/vackorovikornye.hu\/\",\"url\":\"https:\/\/vackorovikornye.hu\/\",\"name\":\"K\u00f6rnyei Vackor \u00d3voda \u00e9s B\u00f6lcs\u0151de - Int\u00e9zm\u00e9ny\u00fcnk bemutat\u00e1sa\",\"isPartOf\":{\"@id\":\"https:\/\/vackorovikornye.hu\/#website\"},\"primaryImageOfPage\":{\"@id\":\"https:\/\/vackorovikornye.hu\/#primaryimage\"},\"image\":{\"@id\":\"https:\/\/vackorovikornye.hu\/#primaryimage\"},\"thumbnailUrl\":\"http:\/\/vackorovikornye.hu\/wp-content\/uploads\/2022\/08\/1vackor-1024x565.jpg\",\"datePublished\":\"2022-08-25T07:00:19+00:00\",\"dateModified\":\"2025-03-16T15:31:46+00:00\",\"description\":\"Int\u00e9zm\u00e9ny\u00fcnk k\u00f6z\u00f6s igazgat\u00e1s\u00fa \u00f3voda \u00e9s b\u00f6lcs\u0151de. Az \u00e9p\u00fcletet 2013 november 3-\u00e1n adt\u00e1k \u00e1t a k\u00f6rnyei gyermekeknek. A helybeli \u00e9s a k\u00f6zigazgat\u00e1silag hozz\u00e1nk tartoz\u00f3 n\u00e9gy tanya gyermekeit fogadja.\",\"breadcrumb\":{\"@id\":\"https:\/\/vackorovikornye.hu\/#breadcrumb\"},\"inLanguage\":\"hu\",\"potentialAction\":[{\"@type\":\"ReadAction\",\"target\":[\"https:\/\/vackorovikornye.hu\/\"]}]},{\"@type\":\"ImageObject\",\"inLanguage\":\"hu\",\"@id\":\"https:\/\/vackorovikornye.hu\/#primaryimage\",\"url\":\"\",\"contentUrl\":\"\"},{\"@type\":\"BreadcrumbList\",\"@id\":\"https:\/\/vackorovikornye.hu\/#breadcrumb\",\"itemListElement\":[{\"@type\":\"ListItem\",\"position\":1,\"name\":\"Kezd\u0151lap\",\"item\":\"https:\/\/vackorovikornye.hu\/\"},{\"@type\":\"ListItem\",\"position\":2,\"name\":\"Int\u00e9zm\u00e9ny\u00fcnk bemutat\u00e1sa\"}]},{\"@type\":\"WebSite\",\"@id\":\"https:\/\/vackorovikornye.hu\/#website\",\"url\":\"https:\/\/vackorovikornye.hu\/\",\"name\":\"K\u00f6rnyei Vackor \u00d3voda \u00e9s B\u00f6lcs\u0151de\",\"description\":\"Int\u00e9zm\u00e9ny\u00fcnk k\u00f6z\u00f6s igazgat\u00e1s\u00fa \u00f3voda \u00e9s b\u00f6lcs\u0151de.\",\"potentialAction\":[{\"@type\":\"SearchAction\",\"target\":{\"@type\":\"EntryPoint\",\"urlTemplate\":\"https:\/\/vackorovikornye.hu\/?s={search_term_string}\"},\"query-input\":{\"@type\":\"PropertyValueSpecification\",\"valueRequired\":true,\"valueName\":\"search_term_string\"}}],\"inLanguage\":\"hu\"}]}<\/script>\n<!-- \/ Yoast SEO plugin. -->","yoast_head_json":{"title":"K\u00f6rnyei Vackor \u00d3voda \u00e9s B\u00f6lcs\u0151de - Int\u00e9zm\u00e9ny\u00fcnk bemutat\u00e1sa","description":"Int\u00e9zm\u00e9ny\u00fcnk k\u00f6z\u00f6s igazgat\u00e1s\u00fa \u00f3voda \u00e9s b\u00f6lcs\u0151de. Az \u00e9p\u00fcletet 2013 november 3-\u00e1n adt\u00e1k \u00e1t a k\u00f6rnyei gyermekeknek. A helybeli \u00e9s a k\u00f6zigazgat\u00e1silag hozz\u00e1nk tartoz\u00f3 n\u00e9gy tanya gyermekeit fogadja.","robots":{"index":"index","follow":"follow","max-snippet":"max-snippet:-1","max-image-preview":"max-image-preview:large","max-video-preview":"max-video-preview:-1"},"canonical":"https:\/\/vackorovikornye.hu\/","og_locale":"hu_HU","og_type":"article","og_title":"K\u00f6rnyei Vackor \u00d3voda \u00e9s B\u00f6lcs\u0151de - Int\u00e9zm\u00e9ny\u00fcnk bemutat\u00e1sa","og_description":"Int\u00e9zm\u00e9ny\u00fcnk k\u00f6z\u00f6s igazgat\u00e1s\u00fa \u00f3voda \u00e9s b\u00f6lcs\u0151de. Az \u00e9p\u00fcletet 2013 november 3-\u00e1n adt\u00e1k \u00e1t a k\u00f6rnyei gyermekeknek. A helybeli \u00e9s a k\u00f6zigazgat\u00e1silag hozz\u00e1nk tartoz\u00f3 n\u00e9gy tanya gyermekeit fogadja.","og_url":"https:\/\/vackorovikornye.hu\/","og_site_name":"K\u00f6rnyei Vackor \u00d3voda \u00e9s B\u00f6lcs\u0151de","article_publisher":"https:\/\/www.facebook.com\/Krnyei-Vackor-voda-s-Blcsde-100831948376755\/","article_modified_time":"2025-03-16T15:31:46+00:00","og_image":[{"url":"http:\/\/vackorovikornye.hu\/wp-content\/uploads\/2022\/08\/1vackor-1024x565.jpg","type":"","width":"","height":""}],"twitter_card":"summary_large_image","twitter_misc":{"Becs\u00fclt olvas\u00e1si id\u0151":"4 perc"},"schema":{"@context":"https:\/\/schema.org","@graph":[{"@type":"WebPage","@id":"https:\/\/vackorovikornye.hu\/","url":"https:\/\/vackorovikornye.hu\/","name":"K\u00f6rnyei Vackor \u00d3voda \u00e9s B\u00f6lcs\u0151de - Int\u00e9zm\u00e9ny\u00fcnk bemutat\u00e1sa","isPartOf":{"@id":"https:\/\/vackorovikornye.hu\/#website"},"primaryImageOfPage":{"@id":"https:\/\/vackorovikornye.hu\/#primaryimage"},"image":{"@id":"https:\/\/vackorovikornye.hu\/#primaryimage"},"thumbnailUrl":"http:\/\/vackorovikornye.hu\/wp-content\/uploads\/2022\/08\/1vackor-1024x565.jpg","datePublished":"2022-08-25T07:00:19+00:00","dateModified":"2025-03-16T15:31:46+00:00","description":"Int\u00e9zm\u00e9ny\u00fcnk k\u00f6z\u00f6s igazgat\u00e1s\u00fa \u00f3voda \u00e9s b\u00f6lcs\u0151de. Az \u00e9p\u00fcletet 2013 november 3-\u00e1n adt\u00e1k \u00e1t a k\u00f6rnyei gyermekeknek. A helybeli \u00e9s a k\u00f6zigazgat\u00e1silag hozz\u00e1nk tartoz\u00f3 n\u00e9gy tanya gyermekeit fogadja.","breadcrumb":{"@id":"https:\/\/vackorovikornye.hu\/#breadcrumb"},"inLanguage":"hu","potentialAction":[{"@type":"ReadAction","target":["https:\/\/vackorovikornye.hu\/"]}]},{"@type":"ImageObject","inLanguage":"hu","@id":"https:\/\/vackorovikornye.hu\/#primaryimage","url":"","contentUrl":""},{"@type":"BreadcrumbList","@id":"https:\/\/vackorovikornye.hu\/#breadcrumb","itemListElement":[{"@type":"ListItem","position":1,"name":"Kezd\u0151lap","item":"https:\/\/vackorovikornye.hu\/"},{"@type":"ListItem","position":2,"name":"Int\u00e9zm\u00e9ny\u00fcnk bemutat\u00e1sa"}]},{"@type":"WebSite","@id":"https:\/\/vackorovikornye.hu\/#website","url":"https:\/\/vackorovikornye.hu\/","name":"K\u00f6rnyei Vackor \u00d3voda \u00e9s B\u00f6lcs\u0151de","description":"Int\u00e9zm\u00e9ny\u00fcnk k\u00f6z\u00f6s igazgat\u00e1s\u00fa \u00f3voda \u00e9s b\u00f6lcs\u0151de.","potentialAction":[{"@type":"SearchAction","target":{"@type":"EntryPoint","urlTemplate":"https:\/\/vackorovikornye.hu\/?s={search_term_string}"},"query-input":{"@type":"PropertyValueSpecification","valueRequired":true,"valueName":"search_term_string"}}],"inLanguage":"hu"}]}},"_links":{"self":[{"href":"https:\/\/vackorovikornye.hu\/index.php?rest_route=\/wp\/v2\/pages\/2","targetHints":{"allow":["GET"]}}],"collection":[{"href":"https:\/\/vackorovikornye.hu\/index.php?rest_route=\/wp\/v2\/pages"}],"about":[{"href":"https:\/\/vackorovikornye.hu\/index.php?rest_route=\/wp\/v2\/types\/page"}],"author":[{"embeddable":true,"href":"https:\/\/vackorovikornye.hu\/index.php?rest_route=\/wp\/v2\/users\/1"}],"replies":[{"embeddable":true,"href":"https:\/\/vackorovikornye.hu\/index.php?rest_route=%2Fwp%2Fv2%2Fcomments&post=2"}],"version-history":[{"count":12,"href":"https:\/\/vackorovikornye.hu\/index.php?rest_route=\/wp\/v2\/pages\/2\/revisions"}],"predecessor-version":[{"id":989,"href":"https:\/\/vackorovikornye.hu\/index.php?rest_route=\/wp\/v2\/pages\/2\/revisions\/989"}],"wp:attachment":[{"href":"https:\/\/vackorovikornye.hu\/index.php?rest_route=%2Fwp%2Fv2%2Fmedia&parent=2"}],"curies":[{"name":"wp","href":"https:\/\/api.w.org\/{rel}","templated":true}]}}