{"id":22,"date":"2017-08-08T10:25:09","date_gmt":"2017-08-08T10:25:09","guid":{"rendered":"http:\/\/nordthemes.com\/wild-book-demo\/?page_id=22"},"modified":"2025-11-22T06:58:10","modified_gmt":"2025-11-22T06:58:10","slug":"kapcsolat","status":"publish","type":"page","link":"https:\/\/vackorovikornye.hu\/?page_id=22","title":{"rendered":"Kapcsolat"},"content":{"rendered":"<p><strong>K\u00f6rnyei Vackor \u00d3voda \u00e9s B\u00f6lcs\u0151de<\/strong><br \/>2851 K\u00f6rnye, Alkotm\u00e1ny utca 5.<br \/>OM azonos\u00edt\u00f3: 031788<br \/>Telefonsz\u00e1m: +36 34 473 089<br \/>E-mail c\u00edm: <a href=\"mailto:kornyevackor@gmail.com\">kornyevackor@gmail.com<\/a><\/p>\n<p><strong>F\u0151igazgat\u00f3:<\/strong> Pek\u00e1r Zita<br \/><strong>Int\u00e9zm\u00e9nyvezet\u0151-helyettes:<\/strong> Troll Krisztina<\/p>\n<p><strong>B\u00f6lcs\u0151devezet\u0151:<\/strong> Erl Szilvia<\/p>\n<h2>Vegye fel vel\u00fcnk a kapcsolatot!<\/h2>\n<p><em><span class=\"VIiyi\" lang=\"hu\"><span class=\"JLqJ4b ChMk0b\" data-language-for-alternatives=\"hu\" data-language-to-translate-into=\"en\" data-phrase-index=\"0\" data-number-of-phrases=\"1\"><span class=\"Q4iAWc\">Adja meg nev\u00e9t, e-mail c\u00edm\u00e9t, \u00fczenet\u00e9t, majd kattintson az \u00dczenet k\u00fcld\u00e9se gombra<\/span><\/span><\/span><\/em><\/p>\n\n<div class=\"wpcf7 no-js\" id=\"wpcf7-f221-o1\" lang=\"en-US\" dir=\"ltr\" data-wpcf7-id=\"221\">\n<div class=\"screen-reader-response\"><p role=\"status\" aria-live=\"polite\" aria-atomic=\"true\"><\/p> <ul><\/ul><\/div>\n<form action=\"\/index.php?rest_route=%2Fwp%2Fv2%2Fpages%2F22#wpcf7-f221-o1\" method=\"post\" class=\"wpcf7-form init\" aria-label=\"Contact form\" novalidate=\"novalidate\" data-status=\"init\">\n<fieldset class=\"hidden-fields-container\"><input type=\"hidden\" name=\"_wpcf7\" value=\"221\" \/><input type=\"hidden\" name=\"_wpcf7_version\" value=\"6.1.3\" \/><input type=\"hidden\" name=\"_wpcf7_locale\" value=\"en_US\" \/><input type=\"hidden\" name=\"_wpcf7_unit_tag\" value=\"wpcf7-f221-o1\" \/><input type=\"hidden\" name=\"_wpcf7_container_post\" value=\"0\" \/><input type=\"hidden\" name=\"_wpcf7_posted_data_hash\" value=\"\" \/>\n<\/fieldset>\n<p>Az \u00d6n neve <span class=\"required\">*<\/span>\n<\/p>\n<p><span class=\"wpcf7-form-control-wrap\" data-name=\"your-name\"><input size=\"40\" maxlength=\"400\" class=\"wpcf7-form-control wpcf7-text wpcf7-validates-as-required\" aria-required=\"true\" aria-invalid=\"false\" value=\"\" type=\"text\" name=\"your-name\" \/><\/span>\n<\/p>\n<p>Az \u00d6n e-mail c\u00edme <span class=\"required\">*<\/span>\n<\/p>\n<p><span class=\"wpcf7-form-control-wrap\" data-name=\"your-email\"><input size=\"40\" maxlength=\"400\" class=\"wpcf7-form-control wpcf7-email wpcf7-validates-as-required wpcf7-text wpcf7-validates-as-email\" aria-required=\"true\" aria-invalid=\"false\" value=\"\" type=\"email\" name=\"your-email\" \/><\/span>\n<\/p>\n<p>T\u00e1rgy\n<\/p>\n<p><span class=\"wpcf7-form-control-wrap\" data-name=\"your-subject\"><input size=\"40\" maxlength=\"400\" class=\"wpcf7-form-control wpcf7-text\" aria-invalid=\"false\" value=\"\" type=\"text\" name=\"your-subject\" \/><\/span>\n<\/p>\n<p>\u00dczenete\n<\/p>\n<p><span class=\"wpcf7-form-control-wrap\" data-name=\"your-message\"><textarea cols=\"40\" rows=\"10\" maxlength=\"2000\" class=\"wpcf7-form-control wpcf7-textarea\" aria-invalid=\"false\" name=\"your-message\"><\/textarea><\/span>\n<\/p>\n<p><input class=\"wpcf7-form-control wpcf7-submit has-spinner\" type=\"submit\" value=\"\u00dczenet k\u00fcld\u00e9se\" \/>\n<\/p><div class=\"wpcf7-response-output\" aria-hidden=\"true\"><\/div>\n<\/form>\n<\/div>\n\n\n\n<hr class=\"wp-block-separator has-alpha-channel-opacity\"\/>\n\n\n","protected":false},"excerpt":{"rendered":"<p>K\u00f6rnyei Vackor \u00d3voda \u00e9s B\u00f6lcs\u0151de2851 K\u00f6rnye, Alkotm\u00e1ny utca 5.OM azonos\u00edt\u00f3: 031788Telefonsz\u00e1m: +36 34 473 089E-mail c\u00edm: kornyevackor@gmail.com F\u0151igazgat\u00f3: Pek\u00e1r ZitaInt\u00e9zm\u00e9nyvezet\u0151-helyettes:&#8230;<\/p>\n","protected":false},"author":1,"featured_media":0,"parent":0,"menu_order":0,"comment_status":"closed","ping_status":"closed","template":"","meta":{"ngg_post_thumbnail":0,"footnotes":""},"class_list":["post-22","page","type-page","status-publish","hentry"],"yoast_head":"<!-- This site is optimized with the Yoast SEO plugin v26.4 - https:\/\/yoast.com\/wordpress\/plugins\/seo\/ -->\n<title>Kapcsolat - K\u00f6rnyei Vackor \u00d3voda \u00e9s B\u00f6lcs\u0151de<\/title>\n<meta name=\"description\" content=\"K\u00f6rnyei Vackor \u00d3voda \u00e9s B\u00f6lcs\u0151de - 2851 K\u00f6rnye, Alkotm\u00e1ny utca 5. - Telefonsz\u00e1m: +36 34 473 089 - E-mail c\u00edm: kornyevackor@gmail.com\" \/>\n<meta name=\"robots\" content=\"index, follow, max-snippet:-1, max-image-preview:large, max-video-preview:-1\" \/>\n<link rel=\"canonical\" href=\"https:\/\/vackorovikornye.hu\/?page_id=22\" \/>\n<meta property=\"og:locale\" content=\"hu_HU\" \/>\n<meta property=\"og:type\" content=\"article\" \/>\n<meta property=\"og:title\" content=\"Kapcsolat - K\u00f6rnyei Vackor \u00d3voda \u00e9s B\u00f6lcs\u0151de\" \/>\n<meta property=\"og:description\" content=\"K\u00f6rnyei Vackor \u00d3voda \u00e9s B\u00f6lcs\u0151de - 2851 K\u00f6rnye, Alkotm\u00e1ny utca 5. - Telefonsz\u00e1m: +36 34 473 089 - E-mail c\u00edm: kornyevackor@gmail.com\" \/>\n<meta property=\"og:url\" content=\"https:\/\/vackorovikornye.hu\/?page_id=22\" \/>\n<meta property=\"og:site_name\" content=\"K\u00f6rnyei Vackor \u00d3voda \u00e9s B\u00f6lcs\u0151de\" \/>\n<meta property=\"article:publisher\" content=\"https:\/\/www.facebook.com\/Krnyei-Vackor-voda-s-Blcsde-100831948376755\/\" \/>\n<meta property=\"article:modified_time\" content=\"2025-11-22T06:58:10+00:00\" \/>\n<meta name=\"twitter:card\" content=\"summary_large_image\" \/>\n<meta name=\"twitter:label1\" content=\"Becs\u00fclt olvas\u00e1si id\u0151\" \/>\n\t<meta name=\"twitter:data1\" content=\"1 perc\" \/>\n<script type=\"application\/ld+json\" class=\"yoast-schema-graph\">{\"@context\":\"https:\/\/schema.org\",\"@graph\":[{\"@type\":\"WebPage\",\"@id\":\"https:\/\/vackorovikornye.hu\/?page_id=22\",\"url\":\"https:\/\/vackorovikornye.hu\/?page_id=22\",\"name\":\"Kapcsolat - K\u00f6rnyei Vackor \u00d3voda \u00e9s B\u00f6lcs\u0151de\",\"isPartOf\":{\"@id\":\"https:\/\/vackorovikornye.hu\/#website\"},\"datePublished\":\"2017-08-08T10:25:09+00:00\",\"dateModified\":\"2025-11-22T06:58:10+00:00\",\"description\":\"K\u00f6rnyei Vackor \u00d3voda \u00e9s B\u00f6lcs\u0151de - 2851 K\u00f6rnye, Alkotm\u00e1ny utca 5. - Telefonsz\u00e1m: +36 34 473 089 - E-mail c\u00edm: kornyevackor@gmail.com\",\"breadcrumb\":{\"@id\":\"https:\/\/vackorovikornye.hu\/?page_id=22#breadcrumb\"},\"inLanguage\":\"hu\",\"potentialAction\":[{\"@type\":\"ReadAction\",\"target\":[\"https:\/\/vackorovikornye.hu\/?page_id=22\"]}]},{\"@type\":\"BreadcrumbList\",\"@id\":\"https:\/\/vackorovikornye.hu\/?page_id=22#breadcrumb\",\"itemListElement\":[{\"@type\":\"ListItem\",\"position\":1,\"name\":\"Kezd\u0151lap\",\"item\":\"https:\/\/vackorovikornye.hu\/\"},{\"@type\":\"ListItem\",\"position\":2,\"name\":\"Kapcsolat\"}]},{\"@type\":\"WebSite\",\"@id\":\"https:\/\/vackorovikornye.hu\/#website\",\"url\":\"https:\/\/vackorovikornye.hu\/\",\"name\":\"K\u00f6rnyei Vackor \u00d3voda \u00e9s B\u00f6lcs\u0151de\",\"description\":\"Int\u00e9zm\u00e9ny\u00fcnk k\u00f6z\u00f6s igazgat\u00e1s\u00fa \u00f3voda \u00e9s b\u00f6lcs\u0151de.\",\"potentialAction\":[{\"@type\":\"SearchAction\",\"target\":{\"@type\":\"EntryPoint\",\"urlTemplate\":\"https:\/\/vackorovikornye.hu\/?s={search_term_string}\"},\"query-input\":{\"@type\":\"PropertyValueSpecification\",\"valueRequired\":true,\"valueName\":\"search_term_string\"}}],\"inLanguage\":\"hu\"}]}<\/script>\n<!-- \/ Yoast SEO plugin. -->","yoast_head_json":{"title":"Kapcsolat - K\u00f6rnyei Vackor \u00d3voda \u00e9s B\u00f6lcs\u0151de","description":"K\u00f6rnyei Vackor \u00d3voda \u00e9s B\u00f6lcs\u0151de - 2851 K\u00f6rnye, Alkotm\u00e1ny utca 5. - Telefonsz\u00e1m: +36 34 473 089 - E-mail c\u00edm: kornyevackor@gmail.com","robots":{"index":"index","follow":"follow","max-snippet":"max-snippet:-1","max-image-preview":"max-image-preview:large","max-video-preview":"max-video-preview:-1"},"canonical":"https:\/\/vackorovikornye.hu\/?page_id=22","og_locale":"hu_HU","og_type":"article","og_title":"Kapcsolat - K\u00f6rnyei Vackor \u00d3voda \u00e9s B\u00f6lcs\u0151de","og_description":"K\u00f6rnyei Vackor \u00d3voda \u00e9s B\u00f6lcs\u0151de - 2851 K\u00f6rnye, Alkotm\u00e1ny utca 5. - Telefonsz\u00e1m: +36 34 473 089 - E-mail c\u00edm: kornyevackor@gmail.com","og_url":"https:\/\/vackorovikornye.hu\/?page_id=22","og_site_name":"K\u00f6rnyei Vackor \u00d3voda \u00e9s B\u00f6lcs\u0151de","article_publisher":"https:\/\/www.facebook.com\/Krnyei-Vackor-voda-s-Blcsde-100831948376755\/","article_modified_time":"2025-11-22T06:58:10+00:00","twitter_card":"summary_large_image","twitter_misc":{"Becs\u00fclt olvas\u00e1si id\u0151":"1 perc"},"schema":{"@context":"https:\/\/schema.org","@graph":[{"@type":"WebPage","@id":"https:\/\/vackorovikornye.hu\/?page_id=22","url":"https:\/\/vackorovikornye.hu\/?page_id=22","name":"Kapcsolat - K\u00f6rnyei Vackor \u00d3voda \u00e9s B\u00f6lcs\u0151de","isPartOf":{"@id":"https:\/\/vackorovikornye.hu\/#website"},"datePublished":"2017-08-08T10:25:09+00:00","dateModified":"2025-11-22T06:58:10+00:00","description":"K\u00f6rnyei Vackor \u00d3voda \u00e9s B\u00f6lcs\u0151de - 2851 K\u00f6rnye, Alkotm\u00e1ny utca 5. - Telefonsz\u00e1m: +36 34 473 089 - E-mail c\u00edm: kornyevackor@gmail.com","breadcrumb":{"@id":"https:\/\/vackorovikornye.hu\/?page_id=22#breadcrumb"},"inLanguage":"hu","potentialAction":[{"@type":"ReadAction","target":["https:\/\/vackorovikornye.hu\/?page_id=22"]}]},{"@type":"BreadcrumbList","@id":"https:\/\/vackorovikornye.hu\/?page_id=22#breadcrumb","itemListElement":[{"@type":"ListItem","position":1,"name":"Kezd\u0151lap","item":"https:\/\/vackorovikornye.hu\/"},{"@type":"ListItem","position":2,"name":"Kapcsolat"}]},{"@type":"WebSite","@id":"https:\/\/vackorovikornye.hu\/#website","url":"https:\/\/vackorovikornye.hu\/","name":"K\u00f6rnyei Vackor \u00d3voda \u00e9s B\u00f6lcs\u0151de","description":"Int\u00e9zm\u00e9ny\u00fcnk k\u00f6z\u00f6s igazgat\u00e1s\u00fa \u00f3voda \u00e9s b\u00f6lcs\u0151de.","potentialAction":[{"@type":"SearchAction","target":{"@type":"EntryPoint","urlTemplate":"https:\/\/vackorovikornye.hu\/?s={search_term_string}"},"query-input":{"@type":"PropertyValueSpecification","valueRequired":true,"valueName":"search_term_string"}}],"inLanguage":"hu"}]}},"_links":{"self":[{"href":"https:\/\/vackorovikornye.hu\/index.php?rest_route=\/wp\/v2\/pages\/22","targetHints":{"allow":["GET"]}}],"collection":[{"href":"https:\/\/vackorovikornye.hu\/index.php?rest_route=\/wp\/v2\/pages"}],"about":[{"href":"https:\/\/vackorovikornye.hu\/index.php?rest_route=\/wp\/v2\/types\/page"}],"author":[{"embeddable":true,"href":"https:\/\/vackorovikornye.hu\/index.php?rest_route=\/wp\/v2\/users\/1"}],"replies":[{"embeddable":true,"href":"https:\/\/vackorovikornye.hu\/index.php?rest_route=%2Fwp%2Fv2%2Fcomments&post=22"}],"version-history":[{"count":21,"href":"https:\/\/vackorovikornye.hu\/index.php?rest_route=\/wp\/v2\/pages\/22\/revisions"}],"predecessor-version":[{"id":1367,"href":"https:\/\/vackorovikornye.hu\/index.php?rest_route=\/wp\/v2\/pages\/22\/revisions\/1367"}],"wp:attachment":[{"href":"https:\/\/vackorovikornye.hu\/index.php?rest_route=%2Fwp%2Fv2%2Fmedia&parent=22"}],"curies":[{"name":"wp","href":"https:\/\/api.w.org\/{rel}","templated":true}]}}