{"id":34,"date":"2017-08-08T10:27:29","date_gmt":"2017-08-08T10:27:29","guid":{"rendered":"http:\/\/nordthemes.com\/wild-book-demo\/?page_id=34"},"modified":"2026-04-27T10:47:41","modified_gmt":"2026-04-27T10:47:41","slug":"heti-etlap","status":"publish","type":"page","link":"https:\/\/vackorovikornye.hu\/?page_id=34","title":{"rendered":"Heti \u00e9tlap"},"content":{"rendered":"\n<p><\/p>\n\n\n\n<p class=\"has-text-align-center\"><strong>\u00d3voda (4-6 \u00e9v) &#8211; (00481) Gyermek, (00100), (00145), (00153), (00170)<\/strong>, <strong>(00196)<\/strong><\/p>\n\n\n\n<hr class=\"wp-block-separator has-alpha-channel-opacity\"\/>\n\n\n\n<p>2026. \u00e1prilis 27-t\u0151l &#8211; 30-ig<\/p>\n\n\n\n<hr class=\"wp-block-separator has-alpha-channel-opacity\"\/>\n\n\n\n<figure class=\"wp-block-image size-large\"><img loading=\"lazy\" decoding=\"async\" width=\"1024\" height=\"731\" src=\"https:\/\/vackorovikornye.hu\/wp-content\/uploads\/2026\/04\/Kepernyokep-2026-04-27-124253-1-1024x731.png\" alt=\"\" class=\"wp-image-1717\" srcset=\"https:\/\/vackorovikornye.hu\/wp-content\/uploads\/2026\/04\/Kepernyokep-2026-04-27-124253-1-1024x731.png 1024w, https:\/\/vackorovikornye.hu\/wp-content\/uploads\/2026\/04\/Kepernyokep-2026-04-27-124253-1-300x214.png 300w, https:\/\/vackorovikornye.hu\/wp-content\/uploads\/2026\/04\/Kepernyokep-2026-04-27-124253-1-768x548.png 768w, https:\/\/vackorovikornye.hu\/wp-content\/uploads\/2026\/04\/Kepernyokep-2026-04-27-124253-1-940x671.png 940w, https:\/\/vackorovikornye.hu\/wp-content\/uploads\/2026\/04\/Kepernyokep-2026-04-27-124253-1-500x357.png 500w, https:\/\/vackorovikornye.hu\/wp-content\/uploads\/2026\/04\/Kepernyokep-2026-04-27-124253-1.png 1105w\" sizes=\"auto, (max-width: 1024px) 100vw, 1024px\" \/><\/figure>\n\n\n\n<figure class=\"wp-block-image size-large\"><img loading=\"lazy\" decoding=\"async\" width=\"1024\" height=\"638\" src=\"https:\/\/vackorovikornye.hu\/wp-content\/uploads\/2026\/04\/Kepernyokep-2026-04-27-124323-1024x638.png\" alt=\"\" class=\"wp-image-1719\" srcset=\"https:\/\/vackorovikornye.hu\/wp-content\/uploads\/2026\/04\/Kepernyokep-2026-04-27-124323-1024x638.png 1024w, https:\/\/vackorovikornye.hu\/wp-content\/uploads\/2026\/04\/Kepernyokep-2026-04-27-124323-300x187.png 300w, https:\/\/vackorovikornye.hu\/wp-content\/uploads\/2026\/04\/Kepernyokep-2026-04-27-124323-768x478.png 768w, https:\/\/vackorovikornye.hu\/wp-content\/uploads\/2026\/04\/Kepernyokep-2026-04-27-124323-940x586.png 940w, https:\/\/vackorovikornye.hu\/wp-content\/uploads\/2026\/04\/Kepernyokep-2026-04-27-124323-500x311.png 500w, https:\/\/vackorovikornye.hu\/wp-content\/uploads\/2026\/04\/Kepernyokep-2026-04-27-124323.png 1106w\" sizes=\"auto, (max-width: 1024px) 100vw, 1024px\" \/><\/figure>\n\n\n\n<figure class=\"wp-block-image size-full\"><img loading=\"lazy\" decoding=\"async\" width=\"995\" height=\"770\" src=\"https:\/\/vackorovikornye.hu\/wp-content\/uploads\/2026\/04\/Kepernyokep-2026-04-27-124348.png\" alt=\"\" class=\"wp-image-1720\" srcset=\"https:\/\/vackorovikornye.hu\/wp-content\/uploads\/2026\/04\/Kepernyokep-2026-04-27-124348.png 995w, https:\/\/vackorovikornye.hu\/wp-content\/uploads\/2026\/04\/Kepernyokep-2026-04-27-124348-300x232.png 300w, https:\/\/vackorovikornye.hu\/wp-content\/uploads\/2026\/04\/Kepernyokep-2026-04-27-124348-768x594.png 768w, https:\/\/vackorovikornye.hu\/wp-content\/uploads\/2026\/04\/Kepernyokep-2026-04-27-124348-940x727.png 940w, https:\/\/vackorovikornye.hu\/wp-content\/uploads\/2026\/04\/Kepernyokep-2026-04-27-124348-500x387.png 500w\" sizes=\"auto, (max-width: 995px) 100vw, 995px\" \/><\/figure>\n\n\n\n<figure class=\"wp-block-image size-full\"><img loading=\"lazy\" decoding=\"async\" width=\"990\" height=\"791\" src=\"https:\/\/vackorovikornye.hu\/wp-content\/uploads\/2026\/04\/Kepernyokep-2026-04-27-124407.png\" alt=\"\" class=\"wp-image-1721\" srcset=\"https:\/\/vackorovikornye.hu\/wp-content\/uploads\/2026\/04\/Kepernyokep-2026-04-27-124407.png 990w, https:\/\/vackorovikornye.hu\/wp-content\/uploads\/2026\/04\/Kepernyokep-2026-04-27-124407-300x240.png 300w, https:\/\/vackorovikornye.hu\/wp-content\/uploads\/2026\/04\/Kepernyokep-2026-04-27-124407-768x614.png 768w, https:\/\/vackorovikornye.hu\/wp-content\/uploads\/2026\/04\/Kepernyokep-2026-04-27-124407-940x751.png 940w, https:\/\/vackorovikornye.hu\/wp-content\/uploads\/2026\/04\/Kepernyokep-2026-04-27-124407-500x399.png 500w\" sizes=\"auto, (max-width: 990px) 100vw, 990px\" \/><\/figure>\n\n\n\n<figure class=\"wp-block-image size-full\"><img loading=\"lazy\" decoding=\"async\" width=\"993\" height=\"307\" src=\"https:\/\/vackorovikornye.hu\/wp-content\/uploads\/2026\/04\/Kepernyokep-2026-04-27-124417.png\" alt=\"\" class=\"wp-image-1722\" srcset=\"https:\/\/vackorovikornye.hu\/wp-content\/uploads\/2026\/04\/Kepernyokep-2026-04-27-124417.png 993w, https:\/\/vackorovikornye.hu\/wp-content\/uploads\/2026\/04\/Kepernyokep-2026-04-27-124417-300x93.png 300w, https:\/\/vackorovikornye.hu\/wp-content\/uploads\/2026\/04\/Kepernyokep-2026-04-27-124417-768x237.png 768w, https:\/\/vackorovikornye.hu\/wp-content\/uploads\/2026\/04\/Kepernyokep-2026-04-27-124417-940x291.png 940w, https:\/\/vackorovikornye.hu\/wp-content\/uploads\/2026\/04\/Kepernyokep-2026-04-27-124417-500x155.png 500w\" sizes=\"auto, (max-width: 993px) 100vw, 993px\" \/><\/figure>\n\n\n\n<figure class=\"wp-block-image size-large\"><img loading=\"lazy\" decoding=\"async\" width=\"1024\" height=\"691\" src=\"https:\/\/vackorovikornye.hu\/wp-content\/uploads\/2026\/04\/Kepernyokep-2026-04-27-124436-1024x691.png\" alt=\"\" class=\"wp-image-1723\" srcset=\"https:\/\/vackorovikornye.hu\/wp-content\/uploads\/2026\/04\/Kepernyokep-2026-04-27-124436-1024x691.png 1024w, https:\/\/vackorovikornye.hu\/wp-content\/uploads\/2026\/04\/Kepernyokep-2026-04-27-124436-300x203.png 300w, https:\/\/vackorovikornye.hu\/wp-content\/uploads\/2026\/04\/Kepernyokep-2026-04-27-124436-768x518.png 768w, https:\/\/vackorovikornye.hu\/wp-content\/uploads\/2026\/04\/Kepernyokep-2026-04-27-124436-940x635.png 940w, https:\/\/vackorovikornye.hu\/wp-content\/uploads\/2026\/04\/Kepernyokep-2026-04-27-124436-500x338.png 500w, https:\/\/vackorovikornye.hu\/wp-content\/uploads\/2026\/04\/Kepernyokep-2026-04-27-124436.png 1108w\" sizes=\"auto, (max-width: 1024px) 100vw, 1024px\" \/><\/figure>\n\n\n\n<p class=\"has-text-align-center\">AZ \u00c9TLAP V\u00c1LTOZTAT\u00c1S JOG\u00c1T FENNTARTJUK!<br>TOV\u00c1BBI ALLERG\u00c9N INFORM\u00c1CI\u00d3: elelmezes@kornye.hu<\/p>\n","protected":false},"excerpt":{"rendered":"<p>\u00d3voda (4-6 \u00e9v) &#8211; (00481) Gyermek, (00100), (00145), (00153), (00170), (00196) 2026. \u00e1prilis 27-t\u0151l &#8211; 30-ig AZ \u00c9TLAP V\u00c1LTOZTAT\u00c1S JOG\u00c1T&#8230;<\/p>\n","protected":false},"author":1,"featured_media":0,"parent":0,"menu_order":0,"comment_status":"closed","ping_status":"closed","template":"","meta":{"ngg_post_thumbnail":0,"footnotes":""},"class_list":["post-34","page","type-page","status-publish","hentry"],"yoast_head":"<!-- This site is optimized with the Yoast SEO plugin v26.4 - https:\/\/yoast.com\/wordpress\/plugins\/seo\/ -->\n<title>Heti \u00e9tlap - K\u00f6rnyei Vackor \u00d3voda \u00e9s B\u00f6lcs\u0151de<\/title>\n<meta name=\"description\" content=\"\u00d3voda \u00e9s B\u00f6lcs\u0151de heti \u00e9tlapja allerg\u00e9nekkel, plusz mogyor\u00f3 \u00e9s toj\u00e1smentes \u00f3vodai \u00e9tlap. Az \u00e9tlapok v\u00e1ltoztat\u00e1si jog\u00e1t fenntartjuk!\" \/>\n<meta name=\"robots\" content=\"index, follow, max-snippet:-1, max-image-preview:large, max-video-preview:-1\" \/>\n<link rel=\"canonical\" href=\"https:\/\/vackorovikornye.hu\/?page_id=34\" \/>\n<meta property=\"og:locale\" content=\"hu_HU\" \/>\n<meta property=\"og:type\" content=\"article\" \/>\n<meta property=\"og:title\" content=\"Heti \u00e9tlap - K\u00f6rnyei Vackor \u00d3voda \u00e9s B\u00f6lcs\u0151de\" \/>\n<meta property=\"og:description\" content=\"\u00d3voda \u00e9s B\u00f6lcs\u0151de heti \u00e9tlapja allerg\u00e9nekkel, plusz mogyor\u00f3 \u00e9s toj\u00e1smentes \u00f3vodai \u00e9tlap. Az \u00e9tlapok v\u00e1ltoztat\u00e1si jog\u00e1t fenntartjuk!\" \/>\n<meta property=\"og:url\" content=\"https:\/\/vackorovikornye.hu\/?page_id=34\" \/>\n<meta property=\"og:site_name\" content=\"K\u00f6rnyei Vackor \u00d3voda \u00e9s B\u00f6lcs\u0151de\" \/>\n<meta property=\"article:publisher\" content=\"https:\/\/www.facebook.com\/Krnyei-Vackor-voda-s-Blcsde-100831948376755\/\" \/>\n<meta property=\"article:modified_time\" content=\"2026-04-27T10:47:41+00:00\" \/>\n<meta property=\"og:image\" content=\"https:\/\/vackorovikornye.hu\/wp-content\/uploads\/2026\/04\/Kepernyokep-2026-04-27-124253-1.png\" \/>\n\t<meta property=\"og:image:width\" content=\"1105\" \/>\n\t<meta property=\"og:image:height\" content=\"789\" \/>\n\t<meta property=\"og:image:type\" content=\"image\/png\" \/>\n<meta name=\"twitter:card\" content=\"summary_large_image\" \/>\n<meta name=\"twitter:label1\" content=\"Becs\u00fclt olvas\u00e1si id\u0151\" \/>\n\t<meta name=\"twitter:data1\" content=\"2 perc\" \/>\n<script type=\"application\/ld+json\" class=\"yoast-schema-graph\">{\"@context\":\"https:\/\/schema.org\",\"@graph\":[{\"@type\":\"WebPage\",\"@id\":\"https:\/\/vackorovikornye.hu\/?page_id=34\",\"url\":\"https:\/\/vackorovikornye.hu\/?page_id=34\",\"name\":\"Heti \u00e9tlap - K\u00f6rnyei Vackor \u00d3voda \u00e9s B\u00f6lcs\u0151de\",\"isPartOf\":{\"@id\":\"https:\/\/vackorovikornye.hu\/#website\"},\"primaryImageOfPage\":{\"@id\":\"https:\/\/vackorovikornye.hu\/?page_id=34#primaryimage\"},\"image\":{\"@id\":\"https:\/\/vackorovikornye.hu\/?page_id=34#primaryimage\"},\"thumbnailUrl\":\"https:\/\/vackorovikornye.hu\/wp-content\/uploads\/2026\/04\/Kepernyokep-2026-04-27-124253-1-1024x731.png\",\"datePublished\":\"2017-08-08T10:27:29+00:00\",\"dateModified\":\"2026-04-27T10:47:41+00:00\",\"description\":\"\u00d3voda \u00e9s B\u00f6lcs\u0151de heti \u00e9tlapja allerg\u00e9nekkel, plusz mogyor\u00f3 \u00e9s toj\u00e1smentes \u00f3vodai \u00e9tlap. Az \u00e9tlapok v\u00e1ltoztat\u00e1si jog\u00e1t fenntartjuk!\",\"breadcrumb\":{\"@id\":\"https:\/\/vackorovikornye.hu\/?page_id=34#breadcrumb\"},\"inLanguage\":\"hu\",\"potentialAction\":[{\"@type\":\"ReadAction\",\"target\":[\"https:\/\/vackorovikornye.hu\/?page_id=34\"]}]},{\"@type\":\"ImageObject\",\"inLanguage\":\"hu\",\"@id\":\"https:\/\/vackorovikornye.hu\/?page_id=34#primaryimage\",\"url\":\"https:\/\/vackorovikornye.hu\/wp-content\/uploads\/2026\/04\/Kepernyokep-2026-04-27-124253-1.png\",\"contentUrl\":\"https:\/\/vackorovikornye.hu\/wp-content\/uploads\/2026\/04\/Kepernyokep-2026-04-27-124253-1.png\",\"width\":1105,\"height\":789},{\"@type\":\"BreadcrumbList\",\"@id\":\"https:\/\/vackorovikornye.hu\/?page_id=34#breadcrumb\",\"itemListElement\":[{\"@type\":\"ListItem\",\"position\":1,\"name\":\"Kezd\u0151lap\",\"item\":\"https:\/\/vackorovikornye.hu\/\"},{\"@type\":\"ListItem\",\"position\":2,\"name\":\"Heti \u00e9tlap\"}]},{\"@type\":\"WebSite\",\"@id\":\"https:\/\/vackorovikornye.hu\/#website\",\"url\":\"https:\/\/vackorovikornye.hu\/\",\"name\":\"K\u00f6rnyei Vackor \u00d3voda \u00e9s B\u00f6lcs\u0151de\",\"description\":\"Int\u00e9zm\u00e9ny\u00fcnk k\u00f6z\u00f6s igazgat\u00e1s\u00fa \u00f3voda \u00e9s b\u00f6lcs\u0151de.\",\"potentialAction\":[{\"@type\":\"SearchAction\",\"target\":{\"@type\":\"EntryPoint\",\"urlTemplate\":\"https:\/\/vackorovikornye.hu\/?s={search_term_string}\"},\"query-input\":{\"@type\":\"PropertyValueSpecification\",\"valueRequired\":true,\"valueName\":\"search_term_string\"}}],\"inLanguage\":\"hu\"}]}<\/script>\n<!-- \/ Yoast SEO plugin. -->","yoast_head_json":{"title":"Heti \u00e9tlap - K\u00f6rnyei Vackor \u00d3voda \u00e9s B\u00f6lcs\u0151de","description":"\u00d3voda \u00e9s B\u00f6lcs\u0151de heti \u00e9tlapja allerg\u00e9nekkel, plusz mogyor\u00f3 \u00e9s toj\u00e1smentes \u00f3vodai \u00e9tlap. Az \u00e9tlapok v\u00e1ltoztat\u00e1si jog\u00e1t fenntartjuk!","robots":{"index":"index","follow":"follow","max-snippet":"max-snippet:-1","max-image-preview":"max-image-preview:large","max-video-preview":"max-video-preview:-1"},"canonical":"https:\/\/vackorovikornye.hu\/?page_id=34","og_locale":"hu_HU","og_type":"article","og_title":"Heti \u00e9tlap - K\u00f6rnyei Vackor \u00d3voda \u00e9s B\u00f6lcs\u0151de","og_description":"\u00d3voda \u00e9s B\u00f6lcs\u0151de heti \u00e9tlapja allerg\u00e9nekkel, plusz mogyor\u00f3 \u00e9s toj\u00e1smentes \u00f3vodai \u00e9tlap. Az \u00e9tlapok v\u00e1ltoztat\u00e1si jog\u00e1t fenntartjuk!","og_url":"https:\/\/vackorovikornye.hu\/?page_id=34","og_site_name":"K\u00f6rnyei Vackor \u00d3voda \u00e9s B\u00f6lcs\u0151de","article_publisher":"https:\/\/www.facebook.com\/Krnyei-Vackor-voda-s-Blcsde-100831948376755\/","article_modified_time":"2026-04-27T10:47:41+00:00","og_image":[{"width":1105,"height":789,"url":"https:\/\/vackorovikornye.hu\/wp-content\/uploads\/2026\/04\/Kepernyokep-2026-04-27-124253-1.png","type":"image\/png"}],"twitter_card":"summary_large_image","twitter_misc":{"Becs\u00fclt olvas\u00e1si id\u0151":"2 perc"},"schema":{"@context":"https:\/\/schema.org","@graph":[{"@type":"WebPage","@id":"https:\/\/vackorovikornye.hu\/?page_id=34","url":"https:\/\/vackorovikornye.hu\/?page_id=34","name":"Heti \u00e9tlap - K\u00f6rnyei Vackor \u00d3voda \u00e9s B\u00f6lcs\u0151de","isPartOf":{"@id":"https:\/\/vackorovikornye.hu\/#website"},"primaryImageOfPage":{"@id":"https:\/\/vackorovikornye.hu\/?page_id=34#primaryimage"},"image":{"@id":"https:\/\/vackorovikornye.hu\/?page_id=34#primaryimage"},"thumbnailUrl":"https:\/\/vackorovikornye.hu\/wp-content\/uploads\/2026\/04\/Kepernyokep-2026-04-27-124253-1-1024x731.png","datePublished":"2017-08-08T10:27:29+00:00","dateModified":"2026-04-27T10:47:41+00:00","description":"\u00d3voda \u00e9s B\u00f6lcs\u0151de heti \u00e9tlapja allerg\u00e9nekkel, plusz mogyor\u00f3 \u00e9s toj\u00e1smentes \u00f3vodai \u00e9tlap. Az \u00e9tlapok v\u00e1ltoztat\u00e1si jog\u00e1t fenntartjuk!","breadcrumb":{"@id":"https:\/\/vackorovikornye.hu\/?page_id=34#breadcrumb"},"inLanguage":"hu","potentialAction":[{"@type":"ReadAction","target":["https:\/\/vackorovikornye.hu\/?page_id=34"]}]},{"@type":"ImageObject","inLanguage":"hu","@id":"https:\/\/vackorovikornye.hu\/?page_id=34#primaryimage","url":"https:\/\/vackorovikornye.hu\/wp-content\/uploads\/2026\/04\/Kepernyokep-2026-04-27-124253-1.png","contentUrl":"https:\/\/vackorovikornye.hu\/wp-content\/uploads\/2026\/04\/Kepernyokep-2026-04-27-124253-1.png","width":1105,"height":789},{"@type":"BreadcrumbList","@id":"https:\/\/vackorovikornye.hu\/?page_id=34#breadcrumb","itemListElement":[{"@type":"ListItem","position":1,"name":"Kezd\u0151lap","item":"https:\/\/vackorovikornye.hu\/"},{"@type":"ListItem","position":2,"name":"Heti \u00e9tlap"}]},{"@type":"WebSite","@id":"https:\/\/vackorovikornye.hu\/#website","url":"https:\/\/vackorovikornye.hu\/","name":"K\u00f6rnyei Vackor \u00d3voda \u00e9s B\u00f6lcs\u0151de","description":"Int\u00e9zm\u00e9ny\u00fcnk k\u00f6z\u00f6s igazgat\u00e1s\u00fa \u00f3voda \u00e9s b\u00f6lcs\u0151de.","potentialAction":[{"@type":"SearchAction","target":{"@type":"EntryPoint","urlTemplate":"https:\/\/vackorovikornye.hu\/?s={search_term_string}"},"query-input":{"@type":"PropertyValueSpecification","valueRequired":true,"valueName":"search_term_string"}}],"inLanguage":"hu"}]}},"_links":{"self":[{"href":"https:\/\/vackorovikornye.hu\/index.php?rest_route=\/wp\/v2\/pages\/34","targetHints":{"allow":["GET"]}}],"collection":[{"href":"https:\/\/vackorovikornye.hu\/index.php?rest_route=\/wp\/v2\/pages"}],"about":[{"href":"https:\/\/vackorovikornye.hu\/index.php?rest_route=\/wp\/v2\/types\/page"}],"author":[{"embeddable":true,"href":"https:\/\/vackorovikornye.hu\/index.php?rest_route=\/wp\/v2\/users\/1"}],"replies":[{"embeddable":true,"href":"https:\/\/vackorovikornye.hu\/index.php?rest_route=%2Fwp%2Fv2%2Fcomments&post=34"}],"version-history":[{"count":69,"href":"https:\/\/vackorovikornye.hu\/index.php?rest_route=\/wp\/v2\/pages\/34\/revisions"}],"predecessor-version":[{"id":1724,"href":"https:\/\/vackorovikornye.hu\/index.php?rest_route=\/wp\/v2\/pages\/34\/revisions\/1724"}],"wp:attachment":[{"href":"https:\/\/vackorovikornye.hu\/index.php?rest_route=%2Fwp%2Fv2%2Fmedia&parent=34"}],"curies":[{"name":"wp","href":"https:\/\/api.w.org\/{rel}","templated":true}]}}