{"id":724,"date":"2022-08-26T07:52:08","date_gmt":"2022-08-26T07:52:08","guid":{"rendered":"http:\/\/vackorovikornye.hu\/?page_id=724"},"modified":"2026-02-16T08:00:42","modified_gmt":"2026-02-16T08:00:42","slug":"dokumentumok-bolcsode","status":"publish","type":"page","link":"https:\/\/vackorovikornye.hu\/?page_id=724","title":{"rendered":"B\u00f6lcs\u0151de dokumentumok"},"content":{"rendered":"\n<div data-wp-interactive=\"core\/file\" class=\"wp-block-file\"><object data-wp-bind--hidden=\"!state.hasPdfPreview\" hidden class=\"wp-block-file__embed\" data=\"http:\/\/vackorovikornye.hu\/wp-content\/uploads\/2025\/03\/2024BOLCSODE-HAZIREND.pdf\" type=\"application\/pdf\" style=\"width:100%;height:600px\" aria-label=\"2024B\u00d6LCS\u00d6DE H\u00c1ZIREND be\u00e1gyaz\u00e1sa\"><\/object><a id=\"wp-block-file--media-4bc2cb7f-2fe0-48a8-bd98-bb36ba45e4c3\" href=\"http:\/\/vackorovikornye.hu\/wp-content\/uploads\/2025\/03\/2024BOLCSODE-HAZIREND.pdf\">2024B\u00d6LCS\u00d6DE H\u00c1ZIREND<\/a><a href=\"http:\/\/vackorovikornye.hu\/wp-content\/uploads\/2025\/03\/2024BOLCSODE-HAZIREND.pdf\" class=\"wp-block-file__button wp-element-button\" download aria-describedby=\"wp-block-file--media-4bc2cb7f-2fe0-48a8-bd98-bb36ba45e4c3\">Let\u00f6lt\u00e9s<\/a><\/div>\n\n\n\n<div data-wp-interactive=\"core\/file\" class=\"wp-block-file\"><object data-wp-bind--hidden=\"!state.hasPdfPreview\" hidden class=\"wp-block-file__embed\" data=\"https:\/\/vackorovikornye.hu\/wp-content\/uploads\/2026\/02\/2026-BOLCSODE-SZMSZ-1.pdf\" type=\"application\/pdf\" style=\"width:100%;height:600px\" aria-label=\"2026 B\u00d6LCS\u00d6DE SZMSZ be\u00e1gyaz\u00e1sa\"><\/object><a id=\"wp-block-file--media-bf6539b8-8351-436f-a65d-6c0eee38c0e6\" href=\"https:\/\/vackorovikornye.hu\/wp-content\/uploads\/2026\/02\/2026-BOLCSODE-SZMSZ-1.pdf\">2026 B\u00d6LCS\u00d6DE SZMSZ<\/a><a href=\"https:\/\/vackorovikornye.hu\/wp-content\/uploads\/2026\/02\/2026-BOLCSODE-SZMSZ-1.pdf\" class=\"wp-block-file__button wp-element-button\" download aria-describedby=\"wp-block-file--media-bf6539b8-8351-436f-a65d-6c0eee38c0e6\">Let\u00f6lt\u00e9s<\/a><\/div>\n\n\n\n<div data-wp-interactive=\"core\/file\" class=\"wp-block-file\"><object data-wp-bind--hidden=\"!state.hasPdfPreview\" hidden class=\"wp-block-file__embed\" data=\"http:\/\/vackorovikornye.hu\/wp-content\/uploads\/2025\/03\/2024-BOLCSODE-SZAKMAI-PROGRAM.pdf\" type=\"application\/pdf\" style=\"width:100%;height:600px\" aria-label=\"2024 B\u00d6LCS\u00d6DE SZAKMAI PROGRAM be\u00e1gyaz\u00e1sa\"><\/object><a id=\"wp-block-file--media-69fa3718-4536-4f47-892e-ea98c6e44d39\" href=\"http:\/\/vackorovikornye.hu\/wp-content\/uploads\/2025\/03\/2024-BOLCSODE-SZAKMAI-PROGRAM.pdf\">2024 B\u00d6LCS\u00d6DE SZAKMAI PROGRAM<\/a><a href=\"http:\/\/vackorovikornye.hu\/wp-content\/uploads\/2025\/03\/2024-BOLCSODE-SZAKMAI-PROGRAM.pdf\" class=\"wp-block-file__button wp-element-button\" download aria-describedby=\"wp-block-file--media-69fa3718-4536-4f47-892e-ea98c6e44d39\">Let\u00f6lt\u00e9s<\/a><\/div>\n\n\n\n<div data-wp-interactive=\"core\/file\" class=\"wp-block-file\"><object data-wp-bind--hidden=\"!state.hasPdfPreview\" hidden class=\"wp-block-file__embed\" data=\"http:\/\/vackorovikornye.hu\/wp-content\/uploads\/2025\/03\/HAZIRENDCOVID-INTEZKEDES-2024.pdf\" type=\"application\/pdf\" style=\"width:100%;height:600px\" aria-label=\"H\u00c1ZIREND,COVID INT\u00c9ZKED\u00c9S 2024. be\u00e1gyaz\u00e1sa\"><\/object><a id=\"wp-block-file--media-18880d23-096c-4e42-995b-6555cdac7c62\" href=\"http:\/\/vackorovikornye.hu\/wp-content\/uploads\/2025\/03\/HAZIRENDCOVID-INTEZKEDES-2024.pdf\">H\u00c1ZIREND,COVID INT\u00c9ZKED\u00c9S 2024.<\/a><a href=\"http:\/\/vackorovikornye.hu\/wp-content\/uploads\/2025\/03\/HAZIRENDCOVID-INTEZKEDES-2024.pdf\" class=\"wp-block-file__button wp-element-button\" download aria-describedby=\"wp-block-file--media-18880d23-096c-4e42-995b-6555cdac7c62\">Let\u00f6lt\u00e9s<\/a><\/div>\n\n\n\n<div data-wp-interactive=\"core\/file\" class=\"wp-block-file\"><object data-wp-bind--hidden=\"!state.hasPdfPreview\" hidden class=\"wp-block-file__embed\" data=\"http:\/\/vackorovikornye.hu\/wp-content\/uploads\/2025\/03\/PEDAGOGIAI-PROGRAM-2024.pdf\" type=\"application\/pdf\" style=\"width:100%;height:600px\" aria-label=\"PEDAG\u00d3GIAI PROGRAM 2024 be\u00e1gyaz\u00e1sa\"><\/object><a id=\"wp-block-file--media-57ac8379-4fd8-4d72-a603-cdce91dc9eae\" href=\"http:\/\/vackorovikornye.hu\/wp-content\/uploads\/2025\/03\/PEDAGOGIAI-PROGRAM-2024.pdf\">PEDAG\u00d3GIAI PROGRAM 2024<\/a><a href=\"http:\/\/vackorovikornye.hu\/wp-content\/uploads\/2025\/03\/PEDAGOGIAI-PROGRAM-2024.pdf\" class=\"wp-block-file__button wp-element-button\" download aria-describedby=\"wp-block-file--media-57ac8379-4fd8-4d72-a603-cdce91dc9eae\">Let\u00f6lt\u00e9s<\/a><\/div>\n\n\n\n<div class=\"wp-block-file\"><a id=\"wp-block-file--media-62904fb5-fdea-439f-acf1-e7ce69b48689\" href=\"https:\/\/vackorovikornye.hu\/wp-content\/uploads\/2025\/03\/Bolcsodei-felveteli-kerelem-1.doc\">B\u00f6lcs\u0151dei felv\u00e9teli k\u00e9relem<\/a><a href=\"https:\/\/vackorovikornye.hu\/wp-content\/uploads\/2025\/03\/Bolcsodei-felveteli-kerelem-1.doc\" class=\"wp-block-file__button wp-element-button\" download aria-describedby=\"wp-block-file--media-62904fb5-fdea-439f-acf1-e7ce69b48689\">Let\u00f6lt\u00e9s<\/a><\/div>\n\n\n\n<div data-wp-interactive=\"core\/file\" class=\"wp-block-file\"><object data-wp-bind--hidden=\"!state.hasPdfPreview\" hidden class=\"wp-block-file__embed\" data=\"https:\/\/vackorovikornye.hu\/wp-content\/uploads\/2025\/03\/Bolcsodei-felveteli-kerelem-1.pdf\" type=\"application\/pdf\" style=\"width:100%;height:600px\" aria-label=\"B\u00f6lcs\u0151dei felv\u00e9teli k\u00e9relem be\u00e1gyaz\u00e1sa\"><\/object><a id=\"wp-block-file--media-43253708-86ee-4d5d-a61e-93e6c5acee04\" href=\"https:\/\/vackorovikornye.hu\/wp-content\/uploads\/2025\/03\/Bolcsodei-felveteli-kerelem-1.pdf\">B\u00f6lcs\u0151dei felv\u00e9teli k\u00e9relem<\/a><a href=\"https:\/\/vackorovikornye.hu\/wp-content\/uploads\/2025\/03\/Bolcsodei-felveteli-kerelem-1.pdf\" class=\"wp-block-file__button wp-element-button\" download aria-describedby=\"wp-block-file--media-43253708-86ee-4d5d-a61e-93e6c5acee04\">Let\u00f6lt\u00e9s<\/a><\/div>\n","protected":false},"excerpt":{"rendered":"","protected":false},"author":1,"featured_media":0,"parent":0,"menu_order":0,"comment_status":"closed","ping_status":"closed","template":"","meta":{"ngg_post_thumbnail":0,"footnotes":""},"class_list":["post-724","page","type-page","status-publish","hentry"],"yoast_head":"<!-- This site is optimized with the Yoast SEO plugin v26.4 - https:\/\/yoast.com\/wordpress\/plugins\/seo\/ -->\n<title>B\u00f6lcs\u0151de dokumentumok - K\u00f6rnyei Vackor \u00d3voda \u00e9s B\u00f6lcs\u0151de<\/title>\n<meta name=\"robots\" content=\"index, follow, max-snippet:-1, max-image-preview:large, max-video-preview:-1\" \/>\n<link rel=\"canonical\" href=\"https:\/\/vackorovikornye.hu\/?page_id=724\" \/>\n<meta property=\"og:locale\" content=\"hu_HU\" \/>\n<meta property=\"og:type\" content=\"article\" \/>\n<meta property=\"og:title\" content=\"B\u00f6lcs\u0151de dokumentumok - K\u00f6rnyei Vackor \u00d3voda \u00e9s B\u00f6lcs\u0151de\" \/>\n<meta property=\"og:url\" content=\"https:\/\/vackorovikornye.hu\/?page_id=724\" \/>\n<meta property=\"og:site_name\" content=\"K\u00f6rnyei Vackor \u00d3voda \u00e9s B\u00f6lcs\u0151de\" \/>\n<meta property=\"article:publisher\" content=\"https:\/\/www.facebook.com\/Krnyei-Vackor-voda-s-Blcsde-100831948376755\/\" \/>\n<meta property=\"article:modified_time\" content=\"2026-02-16T08:00:42+00:00\" \/>\n<meta name=\"twitter:card\" content=\"summary_large_image\" \/>\n<meta name=\"twitter:label1\" content=\"Becs\u00fclt olvas\u00e1si id\u0151\" \/>\n\t<meta name=\"twitter:data1\" content=\"1 perc\" \/>\n<script type=\"application\/ld+json\" class=\"yoast-schema-graph\">{\"@context\":\"https:\/\/schema.org\",\"@graph\":[{\"@type\":\"WebPage\",\"@id\":\"https:\/\/vackorovikornye.hu\/?page_id=724\",\"url\":\"https:\/\/vackorovikornye.hu\/?page_id=724\",\"name\":\"B\u00f6lcs\u0151de dokumentumok - K\u00f6rnyei Vackor \u00d3voda \u00e9s B\u00f6lcs\u0151de\",\"isPartOf\":{\"@id\":\"https:\/\/vackorovikornye.hu\/#website\"},\"datePublished\":\"2022-08-26T07:52:08+00:00\",\"dateModified\":\"2026-02-16T08:00:42+00:00\",\"breadcrumb\":{\"@id\":\"https:\/\/vackorovikornye.hu\/?page_id=724#breadcrumb\"},\"inLanguage\":\"hu\",\"potentialAction\":[{\"@type\":\"ReadAction\",\"target\":[\"https:\/\/vackorovikornye.hu\/?page_id=724\"]}]},{\"@type\":\"BreadcrumbList\",\"@id\":\"https:\/\/vackorovikornye.hu\/?page_id=724#breadcrumb\",\"itemListElement\":[{\"@type\":\"ListItem\",\"position\":1,\"name\":\"Kezd\u0151lap\",\"item\":\"https:\/\/vackorovikornye.hu\/\"},{\"@type\":\"ListItem\",\"position\":2,\"name\":\"B\u00f6lcs\u0151de dokumentumok\"}]},{\"@type\":\"WebSite\",\"@id\":\"https:\/\/vackorovikornye.hu\/#website\",\"url\":\"https:\/\/vackorovikornye.hu\/\",\"name\":\"K\u00f6rnyei Vackor \u00d3voda \u00e9s B\u00f6lcs\u0151de\",\"description\":\"Int\u00e9zm\u00e9ny\u00fcnk k\u00f6z\u00f6s igazgat\u00e1s\u00fa \u00f3voda \u00e9s b\u00f6lcs\u0151de.\",\"potentialAction\":[{\"@type\":\"SearchAction\",\"target\":{\"@type\":\"EntryPoint\",\"urlTemplate\":\"https:\/\/vackorovikornye.hu\/?s={search_term_string}\"},\"query-input\":{\"@type\":\"PropertyValueSpecification\",\"valueRequired\":true,\"valueName\":\"search_term_string\"}}],\"inLanguage\":\"hu\"}]}<\/script>\n<!-- \/ Yoast SEO plugin. -->","yoast_head_json":{"title":"B\u00f6lcs\u0151de dokumentumok - K\u00f6rnyei Vackor \u00d3voda \u00e9s B\u00f6lcs\u0151de","robots":{"index":"index","follow":"follow","max-snippet":"max-snippet:-1","max-image-preview":"max-image-preview:large","max-video-preview":"max-video-preview:-1"},"canonical":"https:\/\/vackorovikornye.hu\/?page_id=724","og_locale":"hu_HU","og_type":"article","og_title":"B\u00f6lcs\u0151de dokumentumok - K\u00f6rnyei Vackor \u00d3voda \u00e9s B\u00f6lcs\u0151de","og_url":"https:\/\/vackorovikornye.hu\/?page_id=724","og_site_name":"K\u00f6rnyei Vackor \u00d3voda \u00e9s B\u00f6lcs\u0151de","article_publisher":"https:\/\/www.facebook.com\/Krnyei-Vackor-voda-s-Blcsde-100831948376755\/","article_modified_time":"2026-02-16T08:00:42+00:00","twitter_card":"summary_large_image","twitter_misc":{"Becs\u00fclt olvas\u00e1si id\u0151":"1 perc"},"schema":{"@context":"https:\/\/schema.org","@graph":[{"@type":"WebPage","@id":"https:\/\/vackorovikornye.hu\/?page_id=724","url":"https:\/\/vackorovikornye.hu\/?page_id=724","name":"B\u00f6lcs\u0151de dokumentumok - K\u00f6rnyei Vackor \u00d3voda \u00e9s B\u00f6lcs\u0151de","isPartOf":{"@id":"https:\/\/vackorovikornye.hu\/#website"},"datePublished":"2022-08-26T07:52:08+00:00","dateModified":"2026-02-16T08:00:42+00:00","breadcrumb":{"@id":"https:\/\/vackorovikornye.hu\/?page_id=724#breadcrumb"},"inLanguage":"hu","potentialAction":[{"@type":"ReadAction","target":["https:\/\/vackorovikornye.hu\/?page_id=724"]}]},{"@type":"BreadcrumbList","@id":"https:\/\/vackorovikornye.hu\/?page_id=724#breadcrumb","itemListElement":[{"@type":"ListItem","position":1,"name":"Kezd\u0151lap","item":"https:\/\/vackorovikornye.hu\/"},{"@type":"ListItem","position":2,"name":"B\u00f6lcs\u0151de dokumentumok"}]},{"@type":"WebSite","@id":"https:\/\/vackorovikornye.hu\/#website","url":"https:\/\/vackorovikornye.hu\/","name":"K\u00f6rnyei Vackor \u00d3voda \u00e9s B\u00f6lcs\u0151de","description":"Int\u00e9zm\u00e9ny\u00fcnk k\u00f6z\u00f6s igazgat\u00e1s\u00fa \u00f3voda \u00e9s b\u00f6lcs\u0151de.","potentialAction":[{"@type":"SearchAction","target":{"@type":"EntryPoint","urlTemplate":"https:\/\/vackorovikornye.hu\/?s={search_term_string}"},"query-input":{"@type":"PropertyValueSpecification","valueRequired":true,"valueName":"search_term_string"}}],"inLanguage":"hu"}]}},"_links":{"self":[{"href":"https:\/\/vackorovikornye.hu\/index.php?rest_route=\/wp\/v2\/pages\/724","targetHints":{"allow":["GET"]}}],"collection":[{"href":"https:\/\/vackorovikornye.hu\/index.php?rest_route=\/wp\/v2\/pages"}],"about":[{"href":"https:\/\/vackorovikornye.hu\/index.php?rest_route=\/wp\/v2\/types\/page"}],"author":[{"embeddable":true,"href":"https:\/\/vackorovikornye.hu\/index.php?rest_route=\/wp\/v2\/users\/1"}],"replies":[{"embeddable":true,"href":"https:\/\/vackorovikornye.hu\/index.php?rest_route=%2Fwp%2Fv2%2Fcomments&post=724"}],"version-history":[{"count":8,"href":"https:\/\/vackorovikornye.hu\/index.php?rest_route=\/wp\/v2\/pages\/724\/revisions"}],"predecessor-version":[{"id":1563,"href":"https:\/\/vackorovikornye.hu\/index.php?rest_route=\/wp\/v2\/pages\/724\/revisions\/1563"}],"wp:attachment":[{"href":"https:\/\/vackorovikornye.hu\/index.php?rest_route=%2Fwp%2Fv2%2Fmedia&parent=724"}],"curies":[{"name":"wp","href":"https:\/\/api.w.org\/{rel}","templated":true}]}}