{"id":932,"date":"2022-08-30T05:49:48","date_gmt":"2022-08-30T05:49:48","guid":{"rendered":"http:\/\/vackorovikornye.hu\/?page_id=932"},"modified":"2025-12-03T10:38:11","modified_gmt":"2025-12-03T10:38:11","slug":"fozokonyha","status":"publish","type":"page","link":"https:\/\/vackorovikornye.hu\/?page_id=932","title":{"rendered":"F\u0151z\u0151konyha"},"content":{"rendered":"\n<p>A 2020. augusztus 27-\u00e9n \u00e1tadott, fel\u00faj\u00edtott f\u0151z\u0151konyh\u00e1ban 700 adag \u00e9telt k\u00e9sz\u00edtenek gyermekeknek, id\u0151seknek \u00e9s \u00e9tel-\u00e9rz\u00e9kenyeknek k\u00fcl\u00f6nb\u00f6z\u0151 ell\u00e1t\u00e1si form\u00e1kban. Rendk\u00edv\u00fcl magas szint\u0171 szakmai ir\u00e1ny\u00edt\u00e1st \u00e9s odafigyel\u00e9st ig\u00e9nyel, \u00e9s az ehhez t\u00e1rsul\u00f3 konyhatechnika adja meg a biztons\u00e1g\u00e1t, hogy az itt elk\u00e9sz\u00fclt \u00e9telek min\u0151s\u00e9gileg m\u00e9g ink\u00e1bb tudj\u00e1k a k\u00f6z\u00e9tkeztet\u00e9st szolg\u00e1lni. <\/p>\n\n\n\n<p><strong>\u00c9lelmez\u00e9svezet\u0151:<\/strong> P\u00e9li R\u00e9ka<br><strong>Szak\u00e1cs:<\/strong> Pataki T\u00edmea, Mizser Klaudia<br><strong>Konyhai kiseg\u00edt\u0151k:<\/strong> Bartisn\u00e9 Wittman M\u00f3nika, Ferge Ildik\u00f3, Kiss-Suhajda T\u00edmea, Nemes Ferencn\u00e9, Vida Bettina, Viski Ren\u00e1ta<\/p>\n\n\n\nngg_shortcode_0_placeholder\n","protected":false},"excerpt":{"rendered":"<p>A 2020. augusztus 27-\u00e9n \u00e1tadott, fel\u00faj\u00edtott f\u0151z\u0151konyh\u00e1ban 700 adag \u00e9telt k\u00e9sz\u00edtenek gyermekeknek, id\u0151seknek \u00e9s \u00e9tel-\u00e9rz\u00e9kenyeknek k\u00fcl\u00f6nb\u00f6z\u0151 ell\u00e1t\u00e1si form\u00e1kban. Rendk\u00edv\u00fcl magas&#8230;<\/p>\n","protected":false},"author":1,"featured_media":0,"parent":0,"menu_order":0,"comment_status":"closed","ping_status":"closed","template":"","meta":{"ngg_post_thumbnail":0,"footnotes":""},"class_list":["post-932","page","type-page","status-publish","hentry"],"yoast_head":"<!-- This site is optimized with the Yoast SEO plugin v26.4 - https:\/\/yoast.com\/wordpress\/plugins\/seo\/ -->\n<title>F\u0151z\u0151konyha - K\u00f6rnyei Vackor \u00d3voda \u00e9s B\u00f6lcs\u0151de<\/title>\n<meta name=\"description\" content=\"A f\u0151z\u0151konyh\u00e1ban 700 adag \u00e9telt k\u00e9sz\u00edtenek gyermekeknek, id\u0151seknek, \u00e9tel-\u00e9rz\u00e9kenyeknek k\u00fcl\u00f6nb\u00f6z\u0151 ell\u00e1t\u00e1si form\u00e1kban.\" \/>\n<meta name=\"robots\" content=\"index, follow, max-snippet:-1, max-image-preview:large, max-video-preview:-1\" \/>\n<link rel=\"canonical\" href=\"https:\/\/vackorovikornye.hu\/?page_id=932\" \/>\n<meta property=\"og:locale\" content=\"hu_HU\" \/>\n<meta property=\"og:type\" content=\"article\" \/>\n<meta property=\"og:title\" content=\"F\u0151z\u0151konyha - K\u00f6rnyei Vackor \u00d3voda \u00e9s B\u00f6lcs\u0151de\" \/>\n<meta property=\"og:description\" content=\"A f\u0151z\u0151konyh\u00e1ban 700 adag \u00e9telt k\u00e9sz\u00edtenek gyermekeknek, id\u0151seknek, \u00e9tel-\u00e9rz\u00e9kenyeknek k\u00fcl\u00f6nb\u00f6z\u0151 ell\u00e1t\u00e1si form\u00e1kban.\" \/>\n<meta property=\"og:url\" content=\"https:\/\/vackorovikornye.hu\/?page_id=932\" \/>\n<meta property=\"og:site_name\" content=\"K\u00f6rnyei Vackor \u00d3voda \u00e9s B\u00f6lcs\u0151de\" \/>\n<meta property=\"article:publisher\" content=\"https:\/\/www.facebook.com\/Krnyei-Vackor-voda-s-Blcsde-100831948376755\/\" \/>\n<meta property=\"article:modified_time\" content=\"2025-12-03T10:38:11+00:00\" \/>\n<meta name=\"twitter:card\" content=\"summary_large_image\" \/>\n<meta name=\"twitter:label1\" content=\"Becs\u00fclt olvas\u00e1si id\u0151\" \/>\n\t<meta name=\"twitter:data1\" content=\"1 perc\" \/>\n<script type=\"application\/ld+json\" class=\"yoast-schema-graph\">{\"@context\":\"https:\/\/schema.org\",\"@graph\":[{\"@type\":\"WebPage\",\"@id\":\"https:\/\/vackorovikornye.hu\/?page_id=932\",\"url\":\"https:\/\/vackorovikornye.hu\/?page_id=932\",\"name\":\"F\u0151z\u0151konyha - K\u00f6rnyei Vackor \u00d3voda \u00e9s B\u00f6lcs\u0151de\",\"isPartOf\":{\"@id\":\"https:\/\/vackorovikornye.hu\/#website\"},\"datePublished\":\"2022-08-30T05:49:48+00:00\",\"dateModified\":\"2025-12-03T10:38:11+00:00\",\"description\":\"A f\u0151z\u0151konyh\u00e1ban 700 adag \u00e9telt k\u00e9sz\u00edtenek gyermekeknek, id\u0151seknek, \u00e9tel-\u00e9rz\u00e9kenyeknek k\u00fcl\u00f6nb\u00f6z\u0151 ell\u00e1t\u00e1si form\u00e1kban.\",\"breadcrumb\":{\"@id\":\"https:\/\/vackorovikornye.hu\/?page_id=932#breadcrumb\"},\"inLanguage\":\"hu\",\"potentialAction\":[{\"@type\":\"ReadAction\",\"target\":[\"https:\/\/vackorovikornye.hu\/?page_id=932\"]}]},{\"@type\":\"BreadcrumbList\",\"@id\":\"https:\/\/vackorovikornye.hu\/?page_id=932#breadcrumb\",\"itemListElement\":[{\"@type\":\"ListItem\",\"position\":1,\"name\":\"Kezd\u0151lap\",\"item\":\"https:\/\/vackorovikornye.hu\/\"},{\"@type\":\"ListItem\",\"position\":2,\"name\":\"F\u0151z\u0151konyha\"}]},{\"@type\":\"WebSite\",\"@id\":\"https:\/\/vackorovikornye.hu\/#website\",\"url\":\"https:\/\/vackorovikornye.hu\/\",\"name\":\"K\u00f6rnyei Vackor \u00d3voda \u00e9s B\u00f6lcs\u0151de\",\"description\":\"Int\u00e9zm\u00e9ny\u00fcnk k\u00f6z\u00f6s igazgat\u00e1s\u00fa \u00f3voda \u00e9s b\u00f6lcs\u0151de.\",\"potentialAction\":[{\"@type\":\"SearchAction\",\"target\":{\"@type\":\"EntryPoint\",\"urlTemplate\":\"https:\/\/vackorovikornye.hu\/?s={search_term_string}\"},\"query-input\":{\"@type\":\"PropertyValueSpecification\",\"valueRequired\":true,\"valueName\":\"search_term_string\"}}],\"inLanguage\":\"hu\"}]}<\/script>\n<!-- \/ Yoast SEO plugin. -->","yoast_head_json":{"title":"F\u0151z\u0151konyha - K\u00f6rnyei Vackor \u00d3voda \u00e9s B\u00f6lcs\u0151de","description":"A f\u0151z\u0151konyh\u00e1ban 700 adag \u00e9telt k\u00e9sz\u00edtenek gyermekeknek, id\u0151seknek, \u00e9tel-\u00e9rz\u00e9kenyeknek k\u00fcl\u00f6nb\u00f6z\u0151 ell\u00e1t\u00e1si form\u00e1kban.","robots":{"index":"index","follow":"follow","max-snippet":"max-snippet:-1","max-image-preview":"max-image-preview:large","max-video-preview":"max-video-preview:-1"},"canonical":"https:\/\/vackorovikornye.hu\/?page_id=932","og_locale":"hu_HU","og_type":"article","og_title":"F\u0151z\u0151konyha - K\u00f6rnyei Vackor \u00d3voda \u00e9s B\u00f6lcs\u0151de","og_description":"A f\u0151z\u0151konyh\u00e1ban 700 adag \u00e9telt k\u00e9sz\u00edtenek gyermekeknek, id\u0151seknek, \u00e9tel-\u00e9rz\u00e9kenyeknek k\u00fcl\u00f6nb\u00f6z\u0151 ell\u00e1t\u00e1si form\u00e1kban.","og_url":"https:\/\/vackorovikornye.hu\/?page_id=932","og_site_name":"K\u00f6rnyei Vackor \u00d3voda \u00e9s B\u00f6lcs\u0151de","article_publisher":"https:\/\/www.facebook.com\/Krnyei-Vackor-voda-s-Blcsde-100831948376755\/","article_modified_time":"2025-12-03T10:38:11+00:00","twitter_card":"summary_large_image","twitter_misc":{"Becs\u00fclt olvas\u00e1si id\u0151":"1 perc"},"schema":{"@context":"https:\/\/schema.org","@graph":[{"@type":"WebPage","@id":"https:\/\/vackorovikornye.hu\/?page_id=932","url":"https:\/\/vackorovikornye.hu\/?page_id=932","name":"F\u0151z\u0151konyha - K\u00f6rnyei Vackor \u00d3voda \u00e9s B\u00f6lcs\u0151de","isPartOf":{"@id":"https:\/\/vackorovikornye.hu\/#website"},"datePublished":"2022-08-30T05:49:48+00:00","dateModified":"2025-12-03T10:38:11+00:00","description":"A f\u0151z\u0151konyh\u00e1ban 700 adag \u00e9telt k\u00e9sz\u00edtenek gyermekeknek, id\u0151seknek, \u00e9tel-\u00e9rz\u00e9kenyeknek k\u00fcl\u00f6nb\u00f6z\u0151 ell\u00e1t\u00e1si form\u00e1kban.","breadcrumb":{"@id":"https:\/\/vackorovikornye.hu\/?page_id=932#breadcrumb"},"inLanguage":"hu","potentialAction":[{"@type":"ReadAction","target":["https:\/\/vackorovikornye.hu\/?page_id=932"]}]},{"@type":"BreadcrumbList","@id":"https:\/\/vackorovikornye.hu\/?page_id=932#breadcrumb","itemListElement":[{"@type":"ListItem","position":1,"name":"Kezd\u0151lap","item":"https:\/\/vackorovikornye.hu\/"},{"@type":"ListItem","position":2,"name":"F\u0151z\u0151konyha"}]},{"@type":"WebSite","@id":"https:\/\/vackorovikornye.hu\/#website","url":"https:\/\/vackorovikornye.hu\/","name":"K\u00f6rnyei Vackor \u00d3voda \u00e9s B\u00f6lcs\u0151de","description":"Int\u00e9zm\u00e9ny\u00fcnk k\u00f6z\u00f6s igazgat\u00e1s\u00fa \u00f3voda \u00e9s b\u00f6lcs\u0151de.","potentialAction":[{"@type":"SearchAction","target":{"@type":"EntryPoint","urlTemplate":"https:\/\/vackorovikornye.hu\/?s={search_term_string}"},"query-input":{"@type":"PropertyValueSpecification","valueRequired":true,"valueName":"search_term_string"}}],"inLanguage":"hu"}]}},"_links":{"self":[{"href":"https:\/\/vackorovikornye.hu\/index.php?rest_route=\/wp\/v2\/pages\/932","targetHints":{"allow":["GET"]}}],"collection":[{"href":"https:\/\/vackorovikornye.hu\/index.php?rest_route=\/wp\/v2\/pages"}],"about":[{"href":"https:\/\/vackorovikornye.hu\/index.php?rest_route=\/wp\/v2\/types\/page"}],"author":[{"embeddable":true,"href":"https:\/\/vackorovikornye.hu\/index.php?rest_route=\/wp\/v2\/users\/1"}],"replies":[{"embeddable":true,"href":"https:\/\/vackorovikornye.hu\/index.php?rest_route=%2Fwp%2Fv2%2Fcomments&post=932"}],"version-history":[{"count":5,"href":"https:\/\/vackorovikornye.hu\/index.php?rest_route=\/wp\/v2\/pages\/932\/revisions"}],"predecessor-version":[{"id":1422,"href":"https:\/\/vackorovikornye.hu\/index.php?rest_route=\/wp\/v2\/pages\/932\/revisions\/1422"}],"wp:attachment":[{"href":"https:\/\/vackorovikornye.hu\/index.php?rest_route=%2Fwp%2Fv2%2Fmedia&parent=932"}],"curies":[{"name":"wp","href":"https:\/\/api.w.org\/{rel}","templated":true}]}}