{"id":984,"date":"2022-08-30T06:00:05","date_gmt":"2022-08-30T06:00:05","guid":{"rendered":"http:\/\/vackorovikornye.hu\/?page_id=984"},"modified":"2022-09-02T06:09:24","modified_gmt":"2022-09-02T06:09:24","slug":"zold-oldal","status":"publish","type":"page","link":"https:\/\/vackorovikornye.hu\/?page_id=984","title":{"rendered":"Z\u00f6ld \u00f3voda"},"content":{"rendered":"\n<p>Magyarorsz\u00e1gon a 2000 \u00e9vekben indult kezdem\u00e9nyez\u00e9s, hogy t\u00f6bb eur\u00f3pai orsz\u00e1ghoz hasonl\u00f3an, itt is legyen z\u00f6ld \u00f3voda. 2005-re el is k\u00e9sz\u00fclt a 20 pontos krit\u00e9rium \u00e9s indik\u00e1torrendszer. 2006-ban lehetett el\u0151sz\u00f6r p\u00e1ly\u00e1zni e c\u00edm elnyer\u00e9s\u00e9re. Egy \u00f3voda \u00f6sszesen n\u00e9gyszer p\u00e1ly\u00e1zhat, h\u00e1rom sikeres p\u00e1ly\u00e1zat elnyer\u00e9se ut\u00e1n \u00f6r\u00f6k\u00f6s z\u00f6ld \u00f3voda tags\u00e1got lehet ki\u00e9rdemelni. A Z\u00f6ld \u00d3voda egy min\u0151s\u00edt\u0151 c\u00edm, melynek komoly c\u00e9ljai \u00e9s programjai vannak. A K\u00f6rnyei Vackor \u00d3voda \u00e9s B\u00f6lcs\u0151de m\u00e1r h\u00e1rom alkalommal nyerte el e c\u00edmet.<\/p>\n\n\n\n<p>\u00d3vodai nevel\u00e9s\u00fcnkben fontos szerepe van a fenntarthat\u00f3s\u00e1gra nevel\u00e9snek. Az \u00f3vodai \u00e9let mindennapjait folyamat\u00e1ban, komplexen \u00e1thatja a k\u00f6rnyezeti nevel\u00e9s. Kiemelt szerepet kap az eg\u00e9szs\u00e9ges \u00e9letm\u00f3dra nevel\u00e9s, a tehets\u00e9ges gyerekek c\u00e9ltudatos fejleszt\u00e9se, \u00e9s a speci\u00e1lis ig\u00e9nyekhez igaz\u00edtott egy\u00e9ni b\u00e1n\u00e1sm\u00f3d megteremt\u00e9se. Int\u00e9zm\u00e9ny\u00fcnkben fontos a k\u00f6rnyezeti harm\u00f3nia megalapoz\u00e1sa, ennek \u00e9rdek\u00e9ben a helyi lakoss\u00e1ggal, szervezetekkel, fenntart\u00f3val val\u00f3 szoros egy\u00fcttm\u0171k\u00f6d\u00e9s. Az \u00f3voda pedag\u00f3gusok a fenntarthat\u00f3s\u00e1gra nevel\u00e9s pedag\u00f3giai \u00e9rt\u00e9keit k\u00f6zvet\u00edtik a gyerekek, sz\u00fcl\u0151k fel\u00e9. R\u00e9szt vesznek tov\u00e1bbk\u00e9pz\u00e9seken, szakmai napokon.<\/p>\n\n\n\n<p>Z\u00f6ld \u00d3voda program c\u00e9ljai az \u00f3vod\u00e1s gyermekek k\u00f6rnyezettudatos szeml\u00e9let\u00e9nek, gondolkod\u00e1s\u00e1nak, magatart\u00e1s\u00e1nak megalapoz\u00e1sa, form\u00e1l\u00e1sa \u00e9lm\u00e9nyalap\u00fa tev\u00e9kenys\u00e9gek sor\u00e1n. Fontos az \u00f3vodapedag\u00f3gusok, a sz\u00fcl\u0151k \u00e9s a helyi t\u00e1rsadalmi, civil k\u00f6z\u00f6ss\u00e9gek k\u00f6rnyezettudatoss\u00e1g\u00e1nak alak\u00edt\u00e1sa. A helyi \u00e9rt\u00e9kek megismer\u00e9se, azok fontoss\u00e1g\u00e1nak felismer\u00e9se, v\u00e9delme.<\/p>\n\n\n<div class=\"wp-block-image\">\n<figure class=\"aligncenter size-large is-resized\"><img loading=\"lazy\" decoding=\"async\" src=\"http:\/\/vackorovikornye.hu\/wp-content\/uploads\/2022\/09\/zo_logo-1024x556.jpg\" alt=\"\" class=\"wp-image-1031\" width=\"470\" height=\"254\"\/><\/figure>\n<\/div>","protected":false},"excerpt":{"rendered":"<p>Magyarorsz\u00e1gon a 2000 \u00e9vekben indult kezdem\u00e9nyez\u00e9s, hogy t\u00f6bb eur\u00f3pai orsz\u00e1ghoz hasonl\u00f3an, itt is legyen z\u00f6ld \u00f3voda. 2005-re el is k\u00e9sz\u00fclt&#8230;<\/p>\n","protected":false},"author":1,"featured_media":0,"parent":0,"menu_order":0,"comment_status":"closed","ping_status":"closed","template":"","meta":{"ngg_post_thumbnail":0,"footnotes":""},"class_list":["post-984","page","type-page","status-publish","hentry"],"yoast_head":"<!-- This site is optimized with the Yoast SEO plugin v26.4 - https:\/\/yoast.com\/wordpress\/plugins\/seo\/ -->\n<title>Z\u00f6ld \u00f3voda - K\u00f6rnyei Vackor \u00d3voda \u00e9s B\u00f6lcs\u0151de<\/title>\n<meta name=\"robots\" content=\"index, follow, max-snippet:-1, max-image-preview:large, max-video-preview:-1\" \/>\n<link rel=\"canonical\" href=\"https:\/\/vackorovikornye.hu\/?page_id=984\" \/>\n<meta property=\"og:locale\" content=\"hu_HU\" \/>\n<meta property=\"og:type\" content=\"article\" \/>\n<meta property=\"og:title\" content=\"Z\u00f6ld \u00f3voda - K\u00f6rnyei Vackor \u00d3voda \u00e9s B\u00f6lcs\u0151de\" \/>\n<meta property=\"og:description\" content=\"Magyarorsz\u00e1gon a 2000 \u00e9vekben indult kezdem\u00e9nyez\u00e9s, hogy t\u00f6bb eur\u00f3pai orsz\u00e1ghoz hasonl\u00f3an, itt is legyen z\u00f6ld \u00f3voda. 2005-re el is k\u00e9sz\u00fclt...\" \/>\n<meta property=\"og:url\" content=\"https:\/\/vackorovikornye.hu\/?page_id=984\" \/>\n<meta property=\"og:site_name\" content=\"K\u00f6rnyei Vackor \u00d3voda \u00e9s B\u00f6lcs\u0151de\" \/>\n<meta property=\"article:publisher\" content=\"https:\/\/www.facebook.com\/Krnyei-Vackor-voda-s-Blcsde-100831948376755\/\" \/>\n<meta property=\"article:modified_time\" content=\"2022-09-02T06:09:24+00:00\" \/>\n<meta property=\"og:image\" content=\"http:\/\/vackorovikornye.hu\/wp-content\/uploads\/2022\/09\/zo_logo-1024x556.jpg\" \/>\n<meta name=\"twitter:card\" content=\"summary_large_image\" \/>\n<meta name=\"twitter:label1\" content=\"Becs\u00fclt olvas\u00e1si id\u0151\" \/>\n\t<meta name=\"twitter:data1\" content=\"2 perc\" \/>\n<script type=\"application\/ld+json\" class=\"yoast-schema-graph\">{\"@context\":\"https:\/\/schema.org\",\"@graph\":[{\"@type\":\"WebPage\",\"@id\":\"https:\/\/vackorovikornye.hu\/?page_id=984\",\"url\":\"https:\/\/vackorovikornye.hu\/?page_id=984\",\"name\":\"Z\u00f6ld \u00f3voda - K\u00f6rnyei Vackor \u00d3voda \u00e9s B\u00f6lcs\u0151de\",\"isPartOf\":{\"@id\":\"https:\/\/vackorovikornye.hu\/#website\"},\"primaryImageOfPage\":{\"@id\":\"https:\/\/vackorovikornye.hu\/?page_id=984#primaryimage\"},\"image\":{\"@id\":\"https:\/\/vackorovikornye.hu\/?page_id=984#primaryimage\"},\"thumbnailUrl\":\"http:\/\/vackorovikornye.hu\/wp-content\/uploads\/2022\/09\/zo_logo-1024x556.jpg\",\"datePublished\":\"2022-08-30T06:00:05+00:00\",\"dateModified\":\"2022-09-02T06:09:24+00:00\",\"breadcrumb\":{\"@id\":\"https:\/\/vackorovikornye.hu\/?page_id=984#breadcrumb\"},\"inLanguage\":\"hu\",\"potentialAction\":[{\"@type\":\"ReadAction\",\"target\":[\"https:\/\/vackorovikornye.hu\/?page_id=984\"]}]},{\"@type\":\"ImageObject\",\"inLanguage\":\"hu\",\"@id\":\"https:\/\/vackorovikornye.hu\/?page_id=984#primaryimage\",\"url\":\"\",\"contentUrl\":\"\"},{\"@type\":\"BreadcrumbList\",\"@id\":\"https:\/\/vackorovikornye.hu\/?page_id=984#breadcrumb\",\"itemListElement\":[{\"@type\":\"ListItem\",\"position\":1,\"name\":\"Kezd\u0151lap\",\"item\":\"https:\/\/vackorovikornye.hu\/\"},{\"@type\":\"ListItem\",\"position\":2,\"name\":\"Z\u00f6ld \u00f3voda\"}]},{\"@type\":\"WebSite\",\"@id\":\"https:\/\/vackorovikornye.hu\/#website\",\"url\":\"https:\/\/vackorovikornye.hu\/\",\"name\":\"K\u00f6rnyei Vackor \u00d3voda \u00e9s B\u00f6lcs\u0151de\",\"description\":\"Int\u00e9zm\u00e9ny\u00fcnk k\u00f6z\u00f6s igazgat\u00e1s\u00fa \u00f3voda \u00e9s b\u00f6lcs\u0151de.\",\"potentialAction\":[{\"@type\":\"SearchAction\",\"target\":{\"@type\":\"EntryPoint\",\"urlTemplate\":\"https:\/\/vackorovikornye.hu\/?s={search_term_string}\"},\"query-input\":{\"@type\":\"PropertyValueSpecification\",\"valueRequired\":true,\"valueName\":\"search_term_string\"}}],\"inLanguage\":\"hu\"}]}<\/script>\n<!-- \/ Yoast SEO plugin. -->","yoast_head_json":{"title":"Z\u00f6ld \u00f3voda - K\u00f6rnyei Vackor \u00d3voda \u00e9s B\u00f6lcs\u0151de","robots":{"index":"index","follow":"follow","max-snippet":"max-snippet:-1","max-image-preview":"max-image-preview:large","max-video-preview":"max-video-preview:-1"},"canonical":"https:\/\/vackorovikornye.hu\/?page_id=984","og_locale":"hu_HU","og_type":"article","og_title":"Z\u00f6ld \u00f3voda - K\u00f6rnyei Vackor \u00d3voda \u00e9s B\u00f6lcs\u0151de","og_description":"Magyarorsz\u00e1gon a 2000 \u00e9vekben indult kezdem\u00e9nyez\u00e9s, hogy t\u00f6bb eur\u00f3pai orsz\u00e1ghoz hasonl\u00f3an, itt is legyen z\u00f6ld \u00f3voda. 2005-re el is k\u00e9sz\u00fclt...","og_url":"https:\/\/vackorovikornye.hu\/?page_id=984","og_site_name":"K\u00f6rnyei Vackor \u00d3voda \u00e9s B\u00f6lcs\u0151de","article_publisher":"https:\/\/www.facebook.com\/Krnyei-Vackor-voda-s-Blcsde-100831948376755\/","article_modified_time":"2022-09-02T06:09:24+00:00","og_image":[{"url":"http:\/\/vackorovikornye.hu\/wp-content\/uploads\/2022\/09\/zo_logo-1024x556.jpg","type":"","width":"","height":""}],"twitter_card":"summary_large_image","twitter_misc":{"Becs\u00fclt olvas\u00e1si id\u0151":"2 perc"},"schema":{"@context":"https:\/\/schema.org","@graph":[{"@type":"WebPage","@id":"https:\/\/vackorovikornye.hu\/?page_id=984","url":"https:\/\/vackorovikornye.hu\/?page_id=984","name":"Z\u00f6ld \u00f3voda - K\u00f6rnyei Vackor \u00d3voda \u00e9s B\u00f6lcs\u0151de","isPartOf":{"@id":"https:\/\/vackorovikornye.hu\/#website"},"primaryImageOfPage":{"@id":"https:\/\/vackorovikornye.hu\/?page_id=984#primaryimage"},"image":{"@id":"https:\/\/vackorovikornye.hu\/?page_id=984#primaryimage"},"thumbnailUrl":"http:\/\/vackorovikornye.hu\/wp-content\/uploads\/2022\/09\/zo_logo-1024x556.jpg","datePublished":"2022-08-30T06:00:05+00:00","dateModified":"2022-09-02T06:09:24+00:00","breadcrumb":{"@id":"https:\/\/vackorovikornye.hu\/?page_id=984#breadcrumb"},"inLanguage":"hu","potentialAction":[{"@type":"ReadAction","target":["https:\/\/vackorovikornye.hu\/?page_id=984"]}]},{"@type":"ImageObject","inLanguage":"hu","@id":"https:\/\/vackorovikornye.hu\/?page_id=984#primaryimage","url":"","contentUrl":""},{"@type":"BreadcrumbList","@id":"https:\/\/vackorovikornye.hu\/?page_id=984#breadcrumb","itemListElement":[{"@type":"ListItem","position":1,"name":"Kezd\u0151lap","item":"https:\/\/vackorovikornye.hu\/"},{"@type":"ListItem","position":2,"name":"Z\u00f6ld \u00f3voda"}]},{"@type":"WebSite","@id":"https:\/\/vackorovikornye.hu\/#website","url":"https:\/\/vackorovikornye.hu\/","name":"K\u00f6rnyei Vackor \u00d3voda \u00e9s B\u00f6lcs\u0151de","description":"Int\u00e9zm\u00e9ny\u00fcnk k\u00f6z\u00f6s igazgat\u00e1s\u00fa \u00f3voda \u00e9s b\u00f6lcs\u0151de.","potentialAction":[{"@type":"SearchAction","target":{"@type":"EntryPoint","urlTemplate":"https:\/\/vackorovikornye.hu\/?s={search_term_string}"},"query-input":{"@type":"PropertyValueSpecification","valueRequired":true,"valueName":"search_term_string"}}],"inLanguage":"hu"}]}},"_links":{"self":[{"href":"https:\/\/vackorovikornye.hu\/index.php?rest_route=\/wp\/v2\/pages\/984","targetHints":{"allow":["GET"]}}],"collection":[{"href":"https:\/\/vackorovikornye.hu\/index.php?rest_route=\/wp\/v2\/pages"}],"about":[{"href":"https:\/\/vackorovikornye.hu\/index.php?rest_route=\/wp\/v2\/types\/page"}],"author":[{"embeddable":true,"href":"https:\/\/vackorovikornye.hu\/index.php?rest_route=\/wp\/v2\/users\/1"}],"replies":[{"embeddable":true,"href":"https:\/\/vackorovikornye.hu\/index.php?rest_route=%2Fwp%2Fv2%2Fcomments&post=984"}],"version-history":[{"count":4,"href":"https:\/\/vackorovikornye.hu\/index.php?rest_route=\/wp\/v2\/pages\/984\/revisions"}],"predecessor-version":[{"id":1076,"href":"https:\/\/vackorovikornye.hu\/index.php?rest_route=\/wp\/v2\/pages\/984\/revisions\/1076"}],"wp:attachment":[{"href":"https:\/\/vackorovikornye.hu\/index.php?rest_route=%2Fwp%2Fv2%2Fmedia&parent=984"}],"curies":[{"name":"wp","href":"https:\/\/api.w.org\/{rel}","templated":true}]}}