{"id":986,"date":"2022-08-30T06:00:23","date_gmt":"2022-08-30T06:00:23","guid":{"rendered":"http:\/\/vackorovikornye.hu\/?page_id=986"},"modified":"2022-09-02T06:19:05","modified_gmt":"2022-09-02T06:19:05","slug":"jeles-napok","status":"publish","type":"page","link":"https:\/\/vackorovikornye.hu\/?page_id=986","title":{"rendered":"Jeles napok"},"content":{"rendered":"\n<p>Az \u00fcnnepek jelent\u0151s alkalmak az \u00f3voda \u00e9let\u00e9ben, fontos a gyerekeknek, fontos a feln\u0151tteknek. A k\u00f6z\u00f6s \u00e9lm\u00e9nyek seg\u00edtik, hogy a r\u00e9gebbi hagyom\u00e1nyokat feleleven\u00edts\u00fck \u00e9s k\u00f6z\u00f6sen meg\u00e9lj\u00fck, de ak\u00e1r \u00faj hagyom\u00e1nyokat teremts\u00fcnk az \u00f3vodai \u00e9let sz\u00ednesebb\u00e9 t\u00e9tel\u00e9re. Ezek seg\u00edts\u00e9g\u00e9vel k\u00f6zel hozzuk a sz\u0171kebb \u00e9s a t\u00e1gabb k\u00f6rnyezet\u00fcnk esem\u00e9nyeit. Az \u00fcnnepekkel egyetemes \u00e9s nemzeti kult\u00far\u00e1nk \u00e9rt\u00e9keit k\u00f6zvet\u00edtj\u00fck a gyerekek fel\u00e9. A jeles napok kapcs\u00e1n pedig felid\u00e9zz\u00fck a n\u00e9pi hagyom\u00e1nyokat, szok\u00e1sokat ezzel is a term\u00e9szet \u00e9s a k\u00f6rnyezet fel\u00e9 terelve a gyerekeket.<\/p>\n\n\n\n<p>Fontos feladat, hogy az \u00fcnnepnapok \u00e9s a mindennapok elv\u00e1ljanak egym\u00e1st\u00f3l. Az \u00fcnnepnapok f\u00e9ny\u00e9t emeli a feld\u00edsz\u00edtett \u00f3voda \u00e9p\u00fclete, az \u00fcnnepl\u0151be \u00f6lt\u00f6z\u00f6tt gyerekek \u00e9s feln\u0151ttek sokas\u00e1ga. Jeles napok \u00e9s \u00fcnnepnapok folyam\u00e1n \u00e9rzelmi r\u00e1hangol\u00f3d\u00e1st biztos\u00edtjuk az aktu\u00e1lis mes\u00e9kkel, versekkel, dalokkal, dalos j\u00e1t\u00e9kokkal, meglepet\u00e9s vend\u00e9gekkel, apr\u00f3bb meglepet\u00e9sekkel, aj\u00e1nd\u00e9kokkal.<\/p>\n\n\n<div class=\"wp-block-image\">\n<figure class=\"aligncenter size-large is-resized\"><img loading=\"lazy\" decoding=\"async\" src=\"http:\/\/vackorovikornye.hu\/wp-content\/uploads\/2022\/09\/jeles-napok.jpeg-1024x630.webp\" alt=\"\" class=\"wp-image-1035\" width=\"407\" height=\"250\"\/><\/figure>\n<\/div>\n\n\n<p><strong>N\u00e9phagyom\u00e1nyok, jeles napok:<\/strong><br>\u2022 Mih\u00e1ly napi v\u00e1s\u00e1r<br>\u2022 Mikul\u00e1s v\u00e1r\u00e1s<br>\u2022 Advent \u2013 Kar\u00e1csony<br>\u2022 Luca napi hagyom\u00e1nyok<br>\u2022 M\u00e1rton nap \u2013 \u201eT\u00f6k h\u00e9t\u201d<br>\u2022 Gyertyaszentel\u0151 \u00fcnnepe \u2013 Medve h\u00e9t<br>\u2022 Farsang \u2013 t\u00e9l temet\u00e9s<br>\u2022 H\u00fasv\u00e9t<\/p>\n\n\n\n<p><strong>\u00d3vodai \u00fcnnepek:<\/strong><br>\u2022 \u00d3vod\u00e1nk sz\u00fclet\u00e9s napja<br>\u2022 Tan\u00e9vz\u00e1r\u00f3 esem\u00e9nyek<br>\u2022 Vackor g\u00e1la<\/p>\n","protected":false},"excerpt":{"rendered":"<p>Az \u00fcnnepek jelent\u0151s alkalmak az \u00f3voda \u00e9let\u00e9ben, fontos a gyerekeknek, fontos a feln\u0151tteknek. A k\u00f6z\u00f6s \u00e9lm\u00e9nyek seg\u00edtik, hogy a r\u00e9gebbi&#8230;<\/p>\n","protected":false},"author":1,"featured_media":0,"parent":0,"menu_order":0,"comment_status":"closed","ping_status":"closed","template":"","meta":{"ngg_post_thumbnail":0,"footnotes":""},"class_list":["post-986","page","type-page","status-publish","hentry"],"yoast_head":"<!-- This site is optimized with the Yoast SEO plugin v26.4 - https:\/\/yoast.com\/wordpress\/plugins\/seo\/ -->\n<title>Jeles napok - K\u00f6rnyei Vackor \u00d3voda \u00e9s B\u00f6lcs\u0151de<\/title>\n<meta name=\"robots\" content=\"index, follow, max-snippet:-1, max-image-preview:large, max-video-preview:-1\" \/>\n<link rel=\"canonical\" href=\"https:\/\/vackorovikornye.hu\/?page_id=986\" \/>\n<meta property=\"og:locale\" content=\"hu_HU\" \/>\n<meta property=\"og:type\" content=\"article\" \/>\n<meta property=\"og:title\" content=\"Jeles napok - K\u00f6rnyei Vackor \u00d3voda \u00e9s B\u00f6lcs\u0151de\" \/>\n<meta property=\"og:description\" content=\"Az \u00fcnnepek jelent\u0151s alkalmak az \u00f3voda \u00e9let\u00e9ben, fontos a gyerekeknek, fontos a feln\u0151tteknek. A k\u00f6z\u00f6s \u00e9lm\u00e9nyek seg\u00edtik, hogy a r\u00e9gebbi...\" \/>\n<meta property=\"og:url\" content=\"https:\/\/vackorovikornye.hu\/?page_id=986\" \/>\n<meta property=\"og:site_name\" content=\"K\u00f6rnyei Vackor \u00d3voda \u00e9s B\u00f6lcs\u0151de\" \/>\n<meta property=\"article:publisher\" content=\"https:\/\/www.facebook.com\/Krnyei-Vackor-voda-s-Blcsde-100831948376755\/\" \/>\n<meta property=\"article:modified_time\" content=\"2022-09-02T06:19:05+00:00\" \/>\n<meta property=\"og:image\" content=\"http:\/\/vackorovikornye.hu\/wp-content\/uploads\/2022\/09\/jeles-napok.jpeg-1024x630.webp\" \/>\n<meta name=\"twitter:card\" content=\"summary_large_image\" \/>\n<meta name=\"twitter:label1\" content=\"Becs\u00fclt olvas\u00e1si id\u0151\" \/>\n\t<meta name=\"twitter:data1\" content=\"2 perc\" \/>\n<script type=\"application\/ld+json\" class=\"yoast-schema-graph\">{\"@context\":\"https:\/\/schema.org\",\"@graph\":[{\"@type\":\"WebPage\",\"@id\":\"https:\/\/vackorovikornye.hu\/?page_id=986\",\"url\":\"https:\/\/vackorovikornye.hu\/?page_id=986\",\"name\":\"Jeles napok - K\u00f6rnyei Vackor \u00d3voda \u00e9s B\u00f6lcs\u0151de\",\"isPartOf\":{\"@id\":\"https:\/\/vackorovikornye.hu\/#website\"},\"primaryImageOfPage\":{\"@id\":\"https:\/\/vackorovikornye.hu\/?page_id=986#primaryimage\"},\"image\":{\"@id\":\"https:\/\/vackorovikornye.hu\/?page_id=986#primaryimage\"},\"thumbnailUrl\":\"http:\/\/vackorovikornye.hu\/wp-content\/uploads\/2022\/09\/jeles-napok.jpeg-1024x630.webp\",\"datePublished\":\"2022-08-30T06:00:23+00:00\",\"dateModified\":\"2022-09-02T06:19:05+00:00\",\"breadcrumb\":{\"@id\":\"https:\/\/vackorovikornye.hu\/?page_id=986#breadcrumb\"},\"inLanguage\":\"hu\",\"potentialAction\":[{\"@type\":\"ReadAction\",\"target\":[\"https:\/\/vackorovikornye.hu\/?page_id=986\"]}]},{\"@type\":\"ImageObject\",\"inLanguage\":\"hu\",\"@id\":\"https:\/\/vackorovikornye.hu\/?page_id=986#primaryimage\",\"url\":\"http:\/\/vackorovikornye.hu\/wp-content\/uploads\/2022\/09\/jeles-napok.jpeg-1024x630.webp\",\"contentUrl\":\"http:\/\/vackorovikornye.hu\/wp-content\/uploads\/2022\/09\/jeles-napok.jpeg-1024x630.webp\"},{\"@type\":\"BreadcrumbList\",\"@id\":\"https:\/\/vackorovikornye.hu\/?page_id=986#breadcrumb\",\"itemListElement\":[{\"@type\":\"ListItem\",\"position\":1,\"name\":\"Kezd\u0151lap\",\"item\":\"https:\/\/vackorovikornye.hu\/\"},{\"@type\":\"ListItem\",\"position\":2,\"name\":\"Jeles napok\"}]},{\"@type\":\"WebSite\",\"@id\":\"https:\/\/vackorovikornye.hu\/#website\",\"url\":\"https:\/\/vackorovikornye.hu\/\",\"name\":\"K\u00f6rnyei Vackor \u00d3voda \u00e9s B\u00f6lcs\u0151de\",\"description\":\"Int\u00e9zm\u00e9ny\u00fcnk k\u00f6z\u00f6s igazgat\u00e1s\u00fa \u00f3voda \u00e9s b\u00f6lcs\u0151de.\",\"potentialAction\":[{\"@type\":\"SearchAction\",\"target\":{\"@type\":\"EntryPoint\",\"urlTemplate\":\"https:\/\/vackorovikornye.hu\/?s={search_term_string}\"},\"query-input\":{\"@type\":\"PropertyValueSpecification\",\"valueRequired\":true,\"valueName\":\"search_term_string\"}}],\"inLanguage\":\"hu\"}]}<\/script>\n<!-- \/ Yoast SEO plugin. -->","yoast_head_json":{"title":"Jeles napok - K\u00f6rnyei Vackor \u00d3voda \u00e9s B\u00f6lcs\u0151de","robots":{"index":"index","follow":"follow","max-snippet":"max-snippet:-1","max-image-preview":"max-image-preview:large","max-video-preview":"max-video-preview:-1"},"canonical":"https:\/\/vackorovikornye.hu\/?page_id=986","og_locale":"hu_HU","og_type":"article","og_title":"Jeles napok - K\u00f6rnyei Vackor \u00d3voda \u00e9s B\u00f6lcs\u0151de","og_description":"Az \u00fcnnepek jelent\u0151s alkalmak az \u00f3voda \u00e9let\u00e9ben, fontos a gyerekeknek, fontos a feln\u0151tteknek. A k\u00f6z\u00f6s \u00e9lm\u00e9nyek seg\u00edtik, hogy a r\u00e9gebbi...","og_url":"https:\/\/vackorovikornye.hu\/?page_id=986","og_site_name":"K\u00f6rnyei Vackor \u00d3voda \u00e9s B\u00f6lcs\u0151de","article_publisher":"https:\/\/www.facebook.com\/Krnyei-Vackor-voda-s-Blcsde-100831948376755\/","article_modified_time":"2022-09-02T06:19:05+00:00","og_image":[{"url":"http:\/\/vackorovikornye.hu\/wp-content\/uploads\/2022\/09\/jeles-napok.jpeg-1024x630.webp","type":"","width":"","height":""}],"twitter_card":"summary_large_image","twitter_misc":{"Becs\u00fclt olvas\u00e1si id\u0151":"2 perc"},"schema":{"@context":"https:\/\/schema.org","@graph":[{"@type":"WebPage","@id":"https:\/\/vackorovikornye.hu\/?page_id=986","url":"https:\/\/vackorovikornye.hu\/?page_id=986","name":"Jeles napok - K\u00f6rnyei Vackor \u00d3voda \u00e9s B\u00f6lcs\u0151de","isPartOf":{"@id":"https:\/\/vackorovikornye.hu\/#website"},"primaryImageOfPage":{"@id":"https:\/\/vackorovikornye.hu\/?page_id=986#primaryimage"},"image":{"@id":"https:\/\/vackorovikornye.hu\/?page_id=986#primaryimage"},"thumbnailUrl":"http:\/\/vackorovikornye.hu\/wp-content\/uploads\/2022\/09\/jeles-napok.jpeg-1024x630.webp","datePublished":"2022-08-30T06:00:23+00:00","dateModified":"2022-09-02T06:19:05+00:00","breadcrumb":{"@id":"https:\/\/vackorovikornye.hu\/?page_id=986#breadcrumb"},"inLanguage":"hu","potentialAction":[{"@type":"ReadAction","target":["https:\/\/vackorovikornye.hu\/?page_id=986"]}]},{"@type":"ImageObject","inLanguage":"hu","@id":"https:\/\/vackorovikornye.hu\/?page_id=986#primaryimage","url":"http:\/\/vackorovikornye.hu\/wp-content\/uploads\/2022\/09\/jeles-napok.jpeg-1024x630.webp","contentUrl":"http:\/\/vackorovikornye.hu\/wp-content\/uploads\/2022\/09\/jeles-napok.jpeg-1024x630.webp"},{"@type":"BreadcrumbList","@id":"https:\/\/vackorovikornye.hu\/?page_id=986#breadcrumb","itemListElement":[{"@type":"ListItem","position":1,"name":"Kezd\u0151lap","item":"https:\/\/vackorovikornye.hu\/"},{"@type":"ListItem","position":2,"name":"Jeles napok"}]},{"@type":"WebSite","@id":"https:\/\/vackorovikornye.hu\/#website","url":"https:\/\/vackorovikornye.hu\/","name":"K\u00f6rnyei Vackor \u00d3voda \u00e9s B\u00f6lcs\u0151de","description":"Int\u00e9zm\u00e9ny\u00fcnk k\u00f6z\u00f6s igazgat\u00e1s\u00fa \u00f3voda \u00e9s b\u00f6lcs\u0151de.","potentialAction":[{"@type":"SearchAction","target":{"@type":"EntryPoint","urlTemplate":"https:\/\/vackorovikornye.hu\/?s={search_term_string}"},"query-input":{"@type":"PropertyValueSpecification","valueRequired":true,"valueName":"search_term_string"}}],"inLanguage":"hu"}]}},"_links":{"self":[{"href":"https:\/\/vackorovikornye.hu\/index.php?rest_route=\/wp\/v2\/pages\/986","targetHints":{"allow":["GET"]}}],"collection":[{"href":"https:\/\/vackorovikornye.hu\/index.php?rest_route=\/wp\/v2\/pages"}],"about":[{"href":"https:\/\/vackorovikornye.hu\/index.php?rest_route=\/wp\/v2\/types\/page"}],"author":[{"embeddable":true,"href":"https:\/\/vackorovikornye.hu\/index.php?rest_route=\/wp\/v2\/users\/1"}],"replies":[{"embeddable":true,"href":"https:\/\/vackorovikornye.hu\/index.php?rest_route=%2Fwp%2Fv2%2Fcomments&post=986"}],"version-history":[{"count":6,"href":"https:\/\/vackorovikornye.hu\/index.php?rest_route=\/wp\/v2\/pages\/986\/revisions"}],"predecessor-version":[{"id":1080,"href":"https:\/\/vackorovikornye.hu\/index.php?rest_route=\/wp\/v2\/pages\/986\/revisions\/1080"}],"wp:attachment":[{"href":"https:\/\/vackorovikornye.hu\/index.php?rest_route=%2Fwp%2Fv2%2Fmedia&parent=986"}],"curies":[{"name":"wp","href":"https:\/\/api.w.org\/{rel}","templated":true}]}}